{"id":4014,"date":"2024-01-21T22:07:08","date_gmt":"2024-01-21T21:07:08","guid":{"rendered":"https:\/\/xpandai.one\/xpand-ki-verhaltenskodex-it\/"},"modified":"2025-02-08T17:41:36","modified_gmt":"2025-02-08T16:41:36","slug":"codice-di-condotta","status":"publish","type":"page","link":"https:\/\/xpandai.one\/it\/codice-di-condotta\/","title":{"rendered":"CODICE ETICO DELL\u2019IA DI XPAND"},"content":{"rendered":"<div id=\"cs-content\" class=\"cs-content\"><\/div>\n","protected":false},"excerpt":{"rendered":"<p>CODICE ETICO DELL\u2019IA DI XPAND Versione del 21 gennaio 2024\u00a0 Redatto con il supporto dell&#8217;IA.\u00a0 Perch\u00e9 utilizziamo l&#8217;IA? In xpand, adottiamo l&#8217;intelligenza artificiale per lavorare in modo pi\u00f9 efficiente e offrire soluzioni di maggiore valore ai nostri clienti. Grazie all&#8217;IA, possiamo prendere decisioni pi\u00f9 informate e individuare nuove opportunit\u00e0. Per noi, la responsabilit\u00e0 e l&#8217;etica sono principi imprescindibili nel suo&hellip;<\/p>\n","protected":false},"author":2,"featured_media":0,"parent":0,"menu_order":0,"comment_status":"closed","ping_status":"closed","template":"template-blank-4.php","meta":{"_acf_changed":false,"inline_featured_image":false,"_glsr_average":0,"_glsr_ranking":0,"_glsr_reviews":0,"footnotes":""},"kategorie":[],"class_list":["post-4014","page","type-page","status-publish","hentry","no-post-thumbnail"],"acf":[],"yoast_head":"<!-- This site is optimized with the Yoast SEO plugin v27.5 - https:\/\/yoast.com\/product\/yoast-seo-wordpress\/ -->\n<title>CODICE ETICO DELL\u2019IA DI XPAND | xpandAI<\/title>\n<meta name=\"robots\" content=\"index, follow, max-snippet:-1, max-image-preview:large, max-video-preview:-1\" \/>\n<link rel=\"canonical\" href=\"https:\/\/xpandai.one\/it\/codice-di-condotta\/\" \/>\n<meta property=\"og:locale\" content=\"it_IT\" \/>\n<meta property=\"og:type\" content=\"article\" \/>\n<meta property=\"og:title\" content=\"CODICE ETICO DELL\u2019IA DI XPAND | xpandAI\" \/>\n<meta property=\"og:description\" content=\"CODICE ETICO DELL\u2019IA DI XPAND Versione del 21 gennaio 2024\u00a0 Redatto con il supporto dell&#039;IA.\u00a0 Perch\u00e9 utilizziamo l&#039;IA? In xpand, adottiamo l&#039;intelligenza artificiale per lavorare in modo pi\u00f9 efficiente e offrire soluzioni di maggiore valore ai nostri clienti. Grazie all&#039;IA, possiamo prendere decisioni pi\u00f9 informate e individuare nuove opportunit\u00e0. Per noi, la responsabilit\u00e0 e l&#039;etica sono principi imprescindibili nel suo&hellip;\" \/>\n<meta property=\"og:url\" content=\"https:\/\/xpandai.one\/it\/codice-di-condotta\/\" \/>\n<meta property=\"og:site_name\" content=\"xpandAI\" \/>\n<meta property=\"article:modified_time\" content=\"2025-02-08T16:41:36+00:00\" \/>\n<meta name=\"twitter:card\" content=\"summary_large_image\" \/>\n<script type=\"application\/ld+json\" class=\"yoast-schema-graph\">{\"@context\":\"https:\\\/\\\/schema.org\",\"@graph\":[{\"@type\":\"WebPage\",\"@id\":\"https:\\\/\\\/xpandai.one\\\/it\\\/codice-di-condotta\\\/\",\"url\":\"https:\\\/\\\/xpandai.one\\\/it\\\/codice-di-condotta\\\/\",\"name\":\"CODICE ETICO DELL\u2019IA DI XPAND | xpandAI\",\"isPartOf\":{\"@id\":\"https:\\\/\\\/xpandai.one\\\/it\\\/#website\"},\"datePublished\":\"2024-01-21T21:07:08+00:00\",\"dateModified\":\"2025-02-08T16:41:36+00:00\",\"breadcrumb\":{\"@id\":\"https:\\\/\\\/xpandai.one\\\/it\\\/codice-di-condotta\\\/#breadcrumb\"},\"inLanguage\":\"it-IT\",\"potentialAction\":[{\"@type\":\"ReadAction\",\"target\":[\"https:\\\/\\\/xpandai.one\\\/it\\\/codice-di-condotta\\\/\"]}]},{\"@type\":\"BreadcrumbList\",\"@id\":\"https:\\\/\\\/xpandai.one\\\/it\\\/codice-di-condotta\\\/#breadcrumb\",\"itemListElement\":[{\"@type\":\"ListItem\",\"position\":1,\"name\":\"Startseite\",\"item\":\"https:\\\/\\\/xpandai.one\\\/it\\\/start-2\\\/\"},{\"@type\":\"ListItem\",\"position\":2,\"name\":\"CODICE ETICO DELL\u2019IA DI XPAND\"}]},{\"@type\":\"WebSite\",\"@id\":\"https:\\\/\\\/xpandai.one\\\/it\\\/#website\",\"url\":\"https:\\\/\\\/xpandai.one\\\/it\\\/\",\"name\":\"xpandAI\",\"description\":\"\",\"potentialAction\":[{\"@type\":\"SearchAction\",\"target\":{\"@type\":\"EntryPoint\",\"urlTemplate\":\"https:\\\/\\\/xpandai.one\\\/it\\\/?s={search_term_string}\"},\"query-input\":{\"@type\":\"PropertyValueSpecification\",\"valueRequired\":true,\"valueName\":\"search_term_string\"}}],\"inLanguage\":\"it-IT\"}]}<\/script>\n<!-- \/ Yoast SEO plugin. -->","yoast_head_json":{"title":"CODICE ETICO DELL\u2019IA DI XPAND | xpandAI","robots":{"index":"index","follow":"follow","max-snippet":"max-snippet:-1","max-image-preview":"max-image-preview:large","max-video-preview":"max-video-preview:-1"},"canonical":"https:\/\/xpandai.one\/it\/codice-di-condotta\/","og_locale":"it_IT","og_type":"article","og_title":"CODICE ETICO DELL\u2019IA DI XPAND | xpandAI","og_description":"CODICE ETICO DELL\u2019IA DI XPAND Versione del 21 gennaio 2024\u00a0 Redatto con il supporto dell'IA.\u00a0 Perch\u00e9 utilizziamo l'IA? In xpand, adottiamo l'intelligenza artificiale per lavorare in modo pi\u00f9 efficiente e offrire soluzioni di maggiore valore ai nostri clienti. Grazie all'IA, possiamo prendere decisioni pi\u00f9 informate e individuare nuove opportunit\u00e0. Per noi, la responsabilit\u00e0 e l'etica sono principi imprescindibili nel suo&hellip;","og_url":"https:\/\/xpandai.one\/it\/codice-di-condotta\/","og_site_name":"xpandAI","article_modified_time":"2025-02-08T16:41:36+00:00","twitter_card":"summary_large_image","schema":{"@context":"https:\/\/schema.org","@graph":[{"@type":"WebPage","@id":"https:\/\/xpandai.one\/it\/codice-di-condotta\/","url":"https:\/\/xpandai.one\/it\/codice-di-condotta\/","name":"CODICE ETICO DELL\u2019IA DI XPAND | xpandAI","isPartOf":{"@id":"https:\/\/xpandai.one\/it\/#website"},"datePublished":"2024-01-21T21:07:08+00:00","dateModified":"2025-02-08T16:41:36+00:00","breadcrumb":{"@id":"https:\/\/xpandai.one\/it\/codice-di-condotta\/#breadcrumb"},"inLanguage":"it-IT","potentialAction":[{"@type":"ReadAction","target":["https:\/\/xpandai.one\/it\/codice-di-condotta\/"]}]},{"@type":"BreadcrumbList","@id":"https:\/\/xpandai.one\/it\/codice-di-condotta\/#breadcrumb","itemListElement":[{"@type":"ListItem","position":1,"name":"Startseite","item":"https:\/\/xpandai.one\/it\/start-2\/"},{"@type":"ListItem","position":2,"name":"CODICE ETICO DELL\u2019IA DI XPAND"}]},{"@type":"WebSite","@id":"https:\/\/xpandai.one\/it\/#website","url":"https:\/\/xpandai.one\/it\/","name":"xpandAI","description":"","potentialAction":[{"@type":"SearchAction","target":{"@type":"EntryPoint","urlTemplate":"https:\/\/xpandai.one\/it\/?s={search_term_string}"},"query-input":{"@type":"PropertyValueSpecification","valueRequired":true,"valueName":"search_term_string"}}],"inLanguage":"it-IT"}]}},"_links":{"self":[{"href":"https:\/\/xpandai.one\/it\/wp-json\/wp\/v2\/pages\/4014","targetHints":{"allow":["GET"]}}],"collection":[{"href":"https:\/\/xpandai.one\/it\/wp-json\/wp\/v2\/pages"}],"about":[{"href":"https:\/\/xpandai.one\/it\/wp-json\/wp\/v2\/types\/page"}],"author":[{"embeddable":true,"href":"https:\/\/xpandai.one\/it\/wp-json\/wp\/v2\/users\/2"}],"replies":[{"embeddable":true,"href":"https:\/\/xpandai.one\/it\/wp-json\/wp\/v2\/comments?post=4014"}],"version-history":[{"count":4,"href":"https:\/\/xpandai.one\/it\/wp-json\/wp\/v2\/pages\/4014\/revisions"}],"predecessor-version":[{"id":4137,"href":"https:\/\/xpandai.one\/it\/wp-json\/wp\/v2\/pages\/4014\/revisions\/4137"}],"wp:attachment":[{"href":"https:\/\/xpandai.one\/it\/wp-json\/wp\/v2\/media?parent=4014"}],"wp:term":[{"taxonomy":"kategorie","embeddable":true,"href":"https:\/\/xpandai.one\/it\/wp-json\/wp\/v2\/kategorie?post=4014"}],"curies":[{"name":"wp","href":"https:\/\/api.w.org\/{rel}","templated":true}]}}