{"id":3999,"date":"2024-07-22T17:35:11","date_gmt":"2024-07-22T15:35:11","guid":{"rendered":"https:\/\/xpandai.one\/assist-it\/"},"modified":"2024-12-28T10:44:26","modified_gmt":"2024-12-28T09:44:26","slug":"assist","status":"publish","type":"page","link":"https:\/\/xpandai.one\/it\/assist\/","title":{"rendered":"Assist"},"content":{"rendered":"<div class=\"members-access-error\">\n<h2>Bitte loggen Sie sich erst \u00fcber die Startseite ein<\/h2>\n<ul>\n<li><strong>English<\/strong>: Please log in to use this page.<\/li>\n<li><strong>Fran\u00e7ais<\/strong>: Veuillez vous connecter pour pouvoir utiliser cette page.<\/li>\n<li><strong>Deutsch<\/strong>: Loggen Sie sich bitte ein, um diese Seite nutzen zu k\u00f6nnen.<\/li>\n<li><strong>Espa\u00f1ol<\/strong>: Por favor, inicie sesi\u00f3n para poder utilizar esta p\u00e1gina.<\/li>\n<li><strong>\u0420\u0443\u0441\u0441\u043a\u0438\u0439<\/strong>: \u041f\u043e\u0436\u0430\u043b\u0443\u0439\u0441\u0442\u0430, \u0432\u043e\u0439\u0434\u0438\u0442\u0435, \u0447\u0442\u043e\u0431\u044b \u0438\u0441\u043f\u043e\u043b\u044c\u0437\u043e\u0432\u0430\u0442\u044c \u044d\u0442\u0443 \u0441\u0442\u0440\u0430\u043d\u0438\u0446\u0443.<\/li>\n<li><strong>Italiano<\/strong>: Per favore, accedi per poter utilizzare questa pagina.<\/li>\n<li><strong>Polski<\/strong>: Prosz\u0119 si\u0119 zalogowa\u0107, aby m\u00f3c korzysta\u0107 z tej strony.<\/li>\n<li><strong>Nederlands<\/strong>: Log alstublieft in om deze pagina te kunnen gebruiken.<\/li>\n<\/ul>\n<\/div>\n","protected":false},"excerpt":{"rendered":"<div class=\"members-access-error\">\n<h2>Bitte loggen Sie sich erst \u00fcber die Startseite ein<\/h2>\n<ul>\n<li><strong>English<\/strong>: Please log in to use this page.<\/li>\n<li><strong>Fran\u00e7ais<\/strong>: Veuillez vous connecter pour pouvoir utiliser cette page.<\/li>\n<li><strong>Deutsch<\/strong>: Loggen Sie sich bitte ein, um diese Seite nutzen zu k\u00f6nnen.<\/li>\n<li><strong>Espa\u00f1ol<\/strong>: Por favor, inicie sesi\u00f3n para poder utilizar esta p\u00e1gina.<\/li>\n<li><strong>\u0420\u0443\u0441\u0441\u043a\u0438\u0439<\/strong>: \u041f\u043e\u0436\u0430\u043b\u0443\u0439\u0441\u0442\u0430, \u0432\u043e\u0439\u0434\u0438\u0442\u0435, \u0447\u0442\u043e\u0431\u044b \u0438\u0441\u043f\u043e\u043b\u044c\u0437\u043e\u0432\u0430\u0442\u044c \u044d\u0442\u0443 \u0441\u0442\u0440\u0430\u043d\u0438\u0446\u0443.<\/li>\n<li><strong>Italiano<\/strong>: Per favore, accedi per poter utilizzare questa pagina.<\/li>\n<li><strong>Polski<\/strong>: Prosz\u0119 si\u0119 zalogowa\u0107, aby m\u00f3c korzysta\u0107 z tej strony.<\/li>\n<li><strong>Nederlands<\/strong>: Log alstublieft in om deze pagina te kunnen gebruiken.<\/li>\n<\/ul>\n<\/div>\n","protected":false},"author":2,"featured_media":0,"parent":0,"menu_order":0,"comment_status":"closed","ping_status":"closed","template":"template-blank-4.php","meta":{"_acf_changed":false,"inline_featured_image":false,"_glsr_average":0,"_glsr_ranking":0,"_glsr_reviews":0,"footnotes":""},"kategorie":[],"class_list":["post-3999","page","type-page","status-publish","hentry","no-post-thumbnail"],"acf":[],"yoast_head":"<!-- This site is optimized with the Yoast SEO plugin v27.5 - https:\/\/yoast.com\/product\/yoast-seo-wordpress\/ -->\n<title>Assist | xpandAI<\/title>\n<meta name=\"robots\" content=\"index, follow, max-snippet:-1, max-image-preview:large, max-video-preview:-1\" \/>\n<link rel=\"canonical\" href=\"https:\/\/xpandai.one\/it\/assist\/\" \/>\n<meta property=\"og:locale\" content=\"it_IT\" \/>\n<meta property=\"og:type\" content=\"article\" \/>\n<meta property=\"og:title\" content=\"Assist | xpandAI\" \/>\n<meta property=\"og:description\" content=\"Bitte loggen Sie sich erst \u00fcber die Startseite ein English: Please log in to use this page. Fran\u00e7ais: Veuillez vous connecter pour pouvoir utiliser cette page. Deutsch: Loggen Sie sich bitte ein, um diese Seite nutzen zu k\u00f6nnen. Espa\u00f1ol: Por favor, inicie sesi\u00f3n para poder utilizar esta p\u00e1gina. \u0420\u0443\u0441\u0441\u043a\u0438\u0439: \u041f\u043e\u0436\u0430\u043b\u0443\u0439\u0441\u0442\u0430, \u0432\u043e\u0439\u0434\u0438\u0442\u0435, \u0447\u0442\u043e\u0431\u044b \u0438\u0441\u043f\u043e\u043b\u044c\u0437\u043e\u0432\u0430\u0442\u044c \u044d\u0442\u0443 \u0441\u0442\u0440\u0430\u043d\u0438\u0446\u0443. Italiano: Per favore, accedi per poter utilizzare questa pagina. Polski: Prosz\u0119 si\u0119 zalogowa\u0107, aby m\u00f3c korzysta\u0107 z tej strony. Nederlands: Log alstublieft in om deze pagina te kunnen gebruiken.\" \/>\n<meta property=\"og:url\" content=\"https:\/\/xpandai.one\/it\/assist\/\" \/>\n<meta property=\"og:site_name\" content=\"xpandAI\" \/>\n<meta property=\"article:modified_time\" content=\"2024-12-28T09:44:26+00:00\" \/>\n<meta name=\"twitter:card\" content=\"summary_large_image\" \/>\n<script type=\"application\/ld+json\" class=\"yoast-schema-graph\">{\"@context\":\"https:\\\/\\\/schema.org\",\"@graph\":[{\"@type\":\"WebPage\",\"@id\":\"https:\\\/\\\/xpandai.one\\\/it\\\/assist\\\/\",\"url\":\"https:\\\/\\\/xpandai.one\\\/it\\\/assist\\\/\",\"name\":\"Assist | xpandAI\",\"isPartOf\":{\"@id\":\"https:\\\/\\\/xpandai.one\\\/it\\\/#website\"},\"datePublished\":\"2024-07-22T15:35:11+00:00\",\"dateModified\":\"2024-12-28T09:44:26+00:00\",\"breadcrumb\":{\"@id\":\"https:\\\/\\\/xpandai.one\\\/it\\\/assist\\\/#breadcrumb\"},\"inLanguage\":\"it-IT\",\"potentialAction\":[{\"@type\":\"ReadAction\",\"target\":[\"https:\\\/\\\/xpandai.one\\\/it\\\/assist\\\/\"]}]},{\"@type\":\"BreadcrumbList\",\"@id\":\"https:\\\/\\\/xpandai.one\\\/it\\\/assist\\\/#breadcrumb\",\"itemListElement\":[{\"@type\":\"ListItem\",\"position\":1,\"name\":\"Startseite\",\"item\":\"https:\\\/\\\/xpandai.one\\\/it\\\/start-2\\\/\"},{\"@type\":\"ListItem\",\"position\":2,\"name\":\"Assist\"}]},{\"@type\":\"WebSite\",\"@id\":\"https:\\\/\\\/xpandai.one\\\/it\\\/#website\",\"url\":\"https:\\\/\\\/xpandai.one\\\/it\\\/\",\"name\":\"xpandAI\",\"description\":\"\",\"potentialAction\":[{\"@type\":\"SearchAction\",\"target\":{\"@type\":\"EntryPoint\",\"urlTemplate\":\"https:\\\/\\\/xpandai.one\\\/it\\\/?s={search_term_string}\"},\"query-input\":{\"@type\":\"PropertyValueSpecification\",\"valueRequired\":true,\"valueName\":\"search_term_string\"}}],\"inLanguage\":\"it-IT\"}]}<\/script>\n<!-- \/ Yoast SEO plugin. -->","yoast_head_json":{"title":"Assist | xpandAI","robots":{"index":"index","follow":"follow","max-snippet":"max-snippet:-1","max-image-preview":"max-image-preview:large","max-video-preview":"max-video-preview:-1"},"canonical":"https:\/\/xpandai.one\/it\/assist\/","og_locale":"it_IT","og_type":"article","og_title":"Assist | xpandAI","og_description":"Bitte loggen Sie sich erst \u00fcber die Startseite ein English: Please log in to use this page. Fran\u00e7ais: Veuillez vous connecter pour pouvoir utiliser cette page. Deutsch: Loggen Sie sich bitte ein, um diese Seite nutzen zu k\u00f6nnen. Espa\u00f1ol: Por favor, inicie sesi\u00f3n para poder utilizar esta p\u00e1gina. \u0420\u0443\u0441\u0441\u043a\u0438\u0439: \u041f\u043e\u0436\u0430\u043b\u0443\u0439\u0441\u0442\u0430, \u0432\u043e\u0439\u0434\u0438\u0442\u0435, \u0447\u0442\u043e\u0431\u044b \u0438\u0441\u043f\u043e\u043b\u044c\u0437\u043e\u0432\u0430\u0442\u044c \u044d\u0442\u0443 \u0441\u0442\u0440\u0430\u043d\u0438\u0446\u0443. Italiano: Per favore, accedi per poter utilizzare questa pagina. Polski: Prosz\u0119 si\u0119 zalogowa\u0107, aby m\u00f3c korzysta\u0107 z tej strony. Nederlands: Log alstublieft in om deze pagina te kunnen gebruiken.","og_url":"https:\/\/xpandai.one\/it\/assist\/","og_site_name":"xpandAI","article_modified_time":"2024-12-28T09:44:26+00:00","twitter_card":"summary_large_image","schema":{"@context":"https:\/\/schema.org","@graph":[{"@type":"WebPage","@id":"https:\/\/xpandai.one\/it\/assist\/","url":"https:\/\/xpandai.one\/it\/assist\/","name":"Assist | xpandAI","isPartOf":{"@id":"https:\/\/xpandai.one\/it\/#website"},"datePublished":"2024-07-22T15:35:11+00:00","dateModified":"2024-12-28T09:44:26+00:00","breadcrumb":{"@id":"https:\/\/xpandai.one\/it\/assist\/#breadcrumb"},"inLanguage":"it-IT","potentialAction":[{"@type":"ReadAction","target":["https:\/\/xpandai.one\/it\/assist\/"]}]},{"@type":"BreadcrumbList","@id":"https:\/\/xpandai.one\/it\/assist\/#breadcrumb","itemListElement":[{"@type":"ListItem","position":1,"name":"Startseite","item":"https:\/\/xpandai.one\/it\/start-2\/"},{"@type":"ListItem","position":2,"name":"Assist"}]},{"@type":"WebSite","@id":"https:\/\/xpandai.one\/it\/#website","url":"https:\/\/xpandai.one\/it\/","name":"xpandAI","description":"","potentialAction":[{"@type":"SearchAction","target":{"@type":"EntryPoint","urlTemplate":"https:\/\/xpandai.one\/it\/?s={search_term_string}"},"query-input":{"@type":"PropertyValueSpecification","valueRequired":true,"valueName":"search_term_string"}}],"inLanguage":"it-IT"}]}},"_links":{"self":[{"href":"https:\/\/xpandai.one\/it\/wp-json\/wp\/v2\/pages\/3999","targetHints":{"allow":["GET"]}}],"collection":[{"href":"https:\/\/xpandai.one\/it\/wp-json\/wp\/v2\/pages"}],"about":[{"href":"https:\/\/xpandai.one\/it\/wp-json\/wp\/v2\/types\/page"}],"author":[{"embeddable":true,"href":"https:\/\/xpandai.one\/it\/wp-json\/wp\/v2\/users\/2"}],"replies":[{"embeddable":true,"href":"https:\/\/xpandai.one\/it\/wp-json\/wp\/v2\/comments?post=3999"}],"version-history":[{"count":5,"href":"https:\/\/xpandai.one\/it\/wp-json\/wp\/v2\/pages\/3999\/revisions"}],"predecessor-version":[{"id":4076,"href":"https:\/\/xpandai.one\/it\/wp-json\/wp\/v2\/pages\/3999\/revisions\/4076"}],"wp:attachment":[{"href":"https:\/\/xpandai.one\/it\/wp-json\/wp\/v2\/media?parent=3999"}],"wp:term":[{"taxonomy":"kategorie","embeddable":true,"href":"https:\/\/xpandai.one\/it\/wp-json\/wp\/v2\/kategorie?post=3999"}],"curies":[{"name":"wp","href":"https:\/\/api.w.org\/{rel}","templated":true}]}}