{"id":6290,"date":"2025-04-07T11:52:52","date_gmt":"2025-04-07T09:52:52","guid":{"rendered":"https:\/\/xpandai.one\/agb-fr\/"},"modified":"2025-12-17T17:21:43","modified_gmt":"2025-12-17T16:21:43","slug":"agb-2","status":"publish","type":"page","link":"https:\/\/xpandai.one\/fr\/agb-2\/","title":{"rendered":"AGB (FR)"},"content":{"rendered":"<div id=\"cs-content\" class=\"cs-content\"><\/div>\n","protected":false},"excerpt":{"rendered":"<p>Conditions g\u00e9n\u00e9rales (AGB) pour la plateforme xpandAI Version du 11 novembre 2025 1. Dispositions g\u00e9n\u00e9rales (champ d\u2019application, fournisseur) Champ d\u2019application Les pr\u00e9sentes Conditions g\u00e9n\u00e9rales (AGB) s\u2019appliquent dans le monde entier \u00e0 tous les utilisateurs de la plateforme xpandAI (accessible \u00e0 l\u2019adresse https:\/\/xpandai.one) ainsi qu\u2019\u00e0 l\u2019ensemble des services propos\u00e9s par xpandAI. En vous inscrivant sur la plateforme ou en utilisant les\u2026<\/p>\n","protected":false},"author":225,"featured_media":0,"parent":0,"menu_order":0,"comment_status":"closed","ping_status":"closed","template":"","meta":{"_acf_changed":false,"inline_featured_image":false,"_glsr_average":0,"_glsr_ranking":0,"_glsr_reviews":0,"footnotes":""},"kategorie":[],"class_list":["post-6290","page","type-page","status-publish","hentry","no-post-thumbnail"],"acf":[],"yoast_head":"<!-- This site is optimized with the Yoast SEO plugin v27.5 - https:\/\/yoast.com\/product\/yoast-seo-wordpress\/ -->\n<title>AGB (FR) | xpandAI<\/title>\n<meta name=\"robots\" content=\"noindex, nofollow\" \/>\n<meta property=\"og:locale\" content=\"fr_FR\" \/>\n<meta property=\"og:type\" content=\"article\" \/>\n<meta property=\"og:title\" content=\"AGB (FR) | xpandAI\" \/>\n<meta property=\"og:description\" content=\"Conditions g\u00e9n\u00e9rales (AGB) pour la plateforme xpandAI Version du 11 novembre 2025 1. Dispositions g\u00e9n\u00e9rales (champ d\u2019application, fournisseur) Champ d\u2019application Les pr\u00e9sentes Conditions g\u00e9n\u00e9rales (AGB) s\u2019appliquent dans le monde entier \u00e0 tous les utilisateurs de la plateforme xpandAI (accessible \u00e0 l\u2019adresse https:\/\/xpandai.one) ainsi qu\u2019\u00e0 l\u2019ensemble des services propos\u00e9s par xpandAI. En vous inscrivant sur la plateforme ou en utilisant les\u2026\" \/>\n<meta property=\"og:url\" content=\"https:\/\/xpandai.one\/fr\/agb-2\/\" \/>\n<meta property=\"og:site_name\" content=\"xpandAI\" \/>\n<meta property=\"article:modified_time\" content=\"2025-12-17T16:21:43+00:00\" \/>\n<meta name=\"twitter:card\" content=\"summary_large_image\" \/>\n<script type=\"application\/ld+json\" class=\"yoast-schema-graph\">{\"@context\":\"https:\\\/\\\/schema.org\",\"@graph\":[{\"@type\":\"WebPage\",\"@id\":\"https:\\\/\\\/xpandai.one\\\/fr\\\/agb-2\\\/\",\"url\":\"https:\\\/\\\/xpandai.one\\\/fr\\\/agb-2\\\/\",\"name\":\"AGB (FR) | xpandAI\",\"isPartOf\":{\"@id\":\"https:\\\/\\\/xpandai.one\\\/fr\\\/#website\"},\"datePublished\":\"2025-04-07T09:52:52+00:00\",\"dateModified\":\"2025-12-17T16:21:43+00:00\",\"breadcrumb\":{\"@id\":\"https:\\\/\\\/xpandai.one\\\/fr\\\/agb-2\\\/#breadcrumb\"},\"inLanguage\":\"fr-FR\",\"potentialAction\":[{\"@type\":\"ReadAction\",\"target\":[\"https:\\\/\\\/xpandai.one\\\/fr\\\/agb-2\\\/\"]}]},{\"@type\":\"BreadcrumbList\",\"@id\":\"https:\\\/\\\/xpandai.one\\\/fr\\\/agb-2\\\/#breadcrumb\",\"itemListElement\":[{\"@type\":\"ListItem\",\"position\":1,\"name\":\"Startseite\",\"item\":\"https:\\\/\\\/xpandai.one\\\/fr\\\/start-2\\\/\"},{\"@type\":\"ListItem\",\"position\":2,\"name\":\"AGB (FR)\"}]},{\"@type\":\"WebSite\",\"@id\":\"https:\\\/\\\/xpandai.one\\\/fr\\\/#website\",\"url\":\"https:\\\/\\\/xpandai.one\\\/fr\\\/\",\"name\":\"xpandAI\",\"description\":\"\",\"potentialAction\":[{\"@type\":\"SearchAction\",\"target\":{\"@type\":\"EntryPoint\",\"urlTemplate\":\"https:\\\/\\\/xpandai.one\\\/fr\\\/?s={search_term_string}\"},\"query-input\":{\"@type\":\"PropertyValueSpecification\",\"valueRequired\":true,\"valueName\":\"search_term_string\"}}],\"inLanguage\":\"fr-FR\"}]}<\/script>\n<!-- \/ Yoast SEO plugin. -->","yoast_head_json":{"title":"AGB (FR) | xpandAI","robots":{"index":"noindex","follow":"nofollow"},"og_locale":"fr_FR","og_type":"article","og_title":"AGB (FR) | xpandAI","og_description":"Conditions g\u00e9n\u00e9rales (AGB) pour la plateforme xpandAI Version du 11 novembre 2025 1. Dispositions g\u00e9n\u00e9rales (champ d\u2019application, fournisseur) Champ d\u2019application Les pr\u00e9sentes Conditions g\u00e9n\u00e9rales (AGB) s\u2019appliquent dans le monde entier \u00e0 tous les utilisateurs de la plateforme xpandAI (accessible \u00e0 l\u2019adresse https:\/\/xpandai.one) ainsi qu\u2019\u00e0 l\u2019ensemble des services propos\u00e9s par xpandAI. En vous inscrivant sur la plateforme ou en utilisant les\u2026","og_url":"https:\/\/xpandai.one\/fr\/agb-2\/","og_site_name":"xpandAI","article_modified_time":"2025-12-17T16:21:43+00:00","twitter_card":"summary_large_image","schema":{"@context":"https:\/\/schema.org","@graph":[{"@type":"WebPage","@id":"https:\/\/xpandai.one\/fr\/agb-2\/","url":"https:\/\/xpandai.one\/fr\/agb-2\/","name":"AGB (FR) | xpandAI","isPartOf":{"@id":"https:\/\/xpandai.one\/fr\/#website"},"datePublished":"2025-04-07T09:52:52+00:00","dateModified":"2025-12-17T16:21:43+00:00","breadcrumb":{"@id":"https:\/\/xpandai.one\/fr\/agb-2\/#breadcrumb"},"inLanguage":"fr-FR","potentialAction":[{"@type":"ReadAction","target":["https:\/\/xpandai.one\/fr\/agb-2\/"]}]},{"@type":"BreadcrumbList","@id":"https:\/\/xpandai.one\/fr\/agb-2\/#breadcrumb","itemListElement":[{"@type":"ListItem","position":1,"name":"Startseite","item":"https:\/\/xpandai.one\/fr\/start-2\/"},{"@type":"ListItem","position":2,"name":"AGB (FR)"}]},{"@type":"WebSite","@id":"https:\/\/xpandai.one\/fr\/#website","url":"https:\/\/xpandai.one\/fr\/","name":"xpandAI","description":"","potentialAction":[{"@type":"SearchAction","target":{"@type":"EntryPoint","urlTemplate":"https:\/\/xpandai.one\/fr\/?s={search_term_string}"},"query-input":{"@type":"PropertyValueSpecification","valueRequired":true,"valueName":"search_term_string"}}],"inLanguage":"fr-FR"}]}},"_links":{"self":[{"href":"https:\/\/xpandai.one\/fr\/wp-json\/wp\/v2\/pages\/6290","targetHints":{"allow":["GET"]}}],"collection":[{"href":"https:\/\/xpandai.one\/fr\/wp-json\/wp\/v2\/pages"}],"about":[{"href":"https:\/\/xpandai.one\/fr\/wp-json\/wp\/v2\/types\/page"}],"author":[{"embeddable":true,"href":"https:\/\/xpandai.one\/fr\/wp-json\/wp\/v2\/users\/225"}],"replies":[{"embeddable":true,"href":"https:\/\/xpandai.one\/fr\/wp-json\/wp\/v2\/comments?post=6290"}],"version-history":[{"count":5,"href":"https:\/\/xpandai.one\/fr\/wp-json\/wp\/v2\/pages\/6290\/revisions"}],"predecessor-version":[{"id":6295,"href":"https:\/\/xpandai.one\/fr\/wp-json\/wp\/v2\/pages\/6290\/revisions\/6295"}],"wp:attachment":[{"href":"https:\/\/xpandai.one\/fr\/wp-json\/wp\/v2\/media?parent=6290"}],"wp:term":[{"taxonomy":"kategorie","embeddable":true,"href":"https:\/\/xpandai.one\/fr\/wp-json\/wp\/v2\/kategorie?post=6290"}],"curies":[{"name":"wp","href":"https:\/\/api.w.org\/{rel}","templated":true}]}}