{"id":5851,"date":"2025-08-29T08:58:26","date_gmt":"2025-08-29T06:58:26","guid":{"rendered":"https:\/\/xpandai.one\/academy-fr\/"},"modified":"2026-01-26T10:30:25","modified_gmt":"2026-01-26T09:30:25","slug":"academy-fr","status":"publish","type":"page","link":"https:\/\/xpandai.one\/fr\/academy-fr\/","title":{"rendered":"Academy (FR)"},"content":{"rendered":"<div id=\"cs-content\" class=\"cs-content\"><\/div>\n","protected":false},"excerpt":{"rendered":"<p>xpandAI Academy Le parcours d&rsquo;apprentissage personnalis\u00e9, qui explique l&rsquo;IA de mani\u00e8re pratique et la rend accessible \u00e0 tous. Renforcez vos \u00e9quipes pour l&rsquo;IA \u2013 Conformes \u00e0 la Loi sur l&rsquo;IA de l&rsquo;UE | xpandAI Academy Programme de certification Renforcez vos \u00e9quipes pour l&rsquo;IA \u2013 de mani\u00e8re s\u00fbre, efficace &#038; conforme \u00e0 la Loi sur l&rsquo;IA de l&rsquo;UE Nous donnons \u00e0\u2026<\/p>\n","protected":false},"author":225,"featured_media":0,"parent":0,"menu_order":0,"comment_status":"closed","ping_status":"closed","template":"template-blank-4.php","meta":{"_acf_changed":false,"inline_featured_image":false,"_glsr_average":0,"_glsr_ranking":0,"_glsr_reviews":0,"footnotes":""},"kategorie":[],"class_list":["post-5851","page","type-page","status-publish","hentry","no-post-thumbnail"],"acf":[],"yoast_head":"<!-- This site is optimized with the Yoast SEO plugin v27.5 - https:\/\/yoast.com\/product\/yoast-seo-wordpress\/ -->\n<title>Academy (FR) | xpandAI<\/title>\n<meta name=\"robots\" content=\"index, follow, max-snippet:-1, max-image-preview:large, max-video-preview:-1\" \/>\n<link rel=\"canonical\" href=\"https:\/\/xpandai.one\/fr\/academy-fr\/\" \/>\n<meta property=\"og:locale\" content=\"fr_FR\" \/>\n<meta property=\"og:type\" content=\"article\" \/>\n<meta property=\"og:title\" content=\"Academy (FR) | xpandAI\" \/>\n<meta property=\"og:description\" content=\"xpandAI Academy Le parcours d&#039;apprentissage personnalis\u00e9, qui explique l&#039;IA de mani\u00e8re pratique et la rend accessible \u00e0 tous. Renforcez vos \u00e9quipes pour l&#039;IA \u2013 Conformes \u00e0 la Loi sur l&#039;IA de l&#039;UE | xpandAI Academy Programme de certification Renforcez vos \u00e9quipes pour l&#039;IA \u2013 de mani\u00e8re s\u00fbre, efficace &amp; conforme \u00e0 la Loi sur l&#039;IA de l&#039;UE Nous donnons \u00e0\u2026\" \/>\n<meta property=\"og:url\" content=\"https:\/\/xpandai.one\/fr\/academy-fr\/\" \/>\n<meta property=\"og:site_name\" content=\"xpandAI\" \/>\n<meta property=\"article:modified_time\" content=\"2026-01-26T09:30:25+00:00\" \/>\n<meta name=\"twitter:card\" content=\"summary_large_image\" \/>\n<meta name=\"twitter:label1\" content=\"Dur\u00e9e de lecture estim\u00e9e\" \/>\n\t<meta name=\"twitter:data1\" content=\"16 minutes\" \/>\n<script type=\"application\/ld+json\" class=\"yoast-schema-graph\">{\"@context\":\"https:\\\/\\\/schema.org\",\"@graph\":[{\"@type\":\"WebPage\",\"@id\":\"https:\\\/\\\/xpandai.one\\\/fr\\\/academy-fr\\\/\",\"url\":\"https:\\\/\\\/xpandai.one\\\/fr\\\/academy-fr\\\/\",\"name\":\"Academy (FR) | xpandAI\",\"isPartOf\":{\"@id\":\"https:\\\/\\\/xpandai.one\\\/fr\\\/#website\"},\"datePublished\":\"2025-08-29T06:58:26+00:00\",\"dateModified\":\"2026-01-26T09:30:25+00:00\",\"breadcrumb\":{\"@id\":\"https:\\\/\\\/xpandai.one\\\/fr\\\/academy-fr\\\/#breadcrumb\"},\"inLanguage\":\"fr-FR\",\"potentialAction\":[{\"@type\":\"ReadAction\",\"target\":[\"https:\\\/\\\/xpandai.one\\\/fr\\\/academy-fr\\\/\"]}]},{\"@type\":\"BreadcrumbList\",\"@id\":\"https:\\\/\\\/xpandai.one\\\/fr\\\/academy-fr\\\/#breadcrumb\",\"itemListElement\":[{\"@type\":\"ListItem\",\"position\":1,\"name\":\"Startseite\",\"item\":\"https:\\\/\\\/xpandai.one\\\/fr\\\/start-2\\\/\"},{\"@type\":\"ListItem\",\"position\":2,\"name\":\"Academy (FR)\"}]},{\"@type\":\"WebSite\",\"@id\":\"https:\\\/\\\/xpandai.one\\\/fr\\\/#website\",\"url\":\"https:\\\/\\\/xpandai.one\\\/fr\\\/\",\"name\":\"xpandAI\",\"description\":\"\",\"potentialAction\":[{\"@type\":\"SearchAction\",\"target\":{\"@type\":\"EntryPoint\",\"urlTemplate\":\"https:\\\/\\\/xpandai.one\\\/fr\\\/?s={search_term_string}\"},\"query-input\":{\"@type\":\"PropertyValueSpecification\",\"valueRequired\":true,\"valueName\":\"search_term_string\"}}],\"inLanguage\":\"fr-FR\"}]}<\/script>\n<!-- \/ Yoast SEO plugin. -->","yoast_head_json":{"title":"Academy (FR) | xpandAI","robots":{"index":"index","follow":"follow","max-snippet":"max-snippet:-1","max-image-preview":"max-image-preview:large","max-video-preview":"max-video-preview:-1"},"canonical":"https:\/\/xpandai.one\/fr\/academy-fr\/","og_locale":"fr_FR","og_type":"article","og_title":"Academy (FR) | xpandAI","og_description":"xpandAI Academy Le parcours d'apprentissage personnalis\u00e9, qui explique l'IA de mani\u00e8re pratique et la rend accessible \u00e0 tous. Renforcez vos \u00e9quipes pour l'IA \u2013 Conformes \u00e0 la Loi sur l'IA de l'UE | xpandAI Academy Programme de certification Renforcez vos \u00e9quipes pour l'IA \u2013 de mani\u00e8re s\u00fbre, efficace & conforme \u00e0 la Loi sur l'IA de l'UE Nous donnons \u00e0\u2026","og_url":"https:\/\/xpandai.one\/fr\/academy-fr\/","og_site_name":"xpandAI","article_modified_time":"2026-01-26T09:30:25+00:00","twitter_card":"summary_large_image","twitter_misc":{"Dur\u00e9e de lecture estim\u00e9e":"16 minutes"},"schema":{"@context":"https:\/\/schema.org","@graph":[{"@type":"WebPage","@id":"https:\/\/xpandai.one\/fr\/academy-fr\/","url":"https:\/\/xpandai.one\/fr\/academy-fr\/","name":"Academy (FR) | xpandAI","isPartOf":{"@id":"https:\/\/xpandai.one\/fr\/#website"},"datePublished":"2025-08-29T06:58:26+00:00","dateModified":"2026-01-26T09:30:25+00:00","breadcrumb":{"@id":"https:\/\/xpandai.one\/fr\/academy-fr\/#breadcrumb"},"inLanguage":"fr-FR","potentialAction":[{"@type":"ReadAction","target":["https:\/\/xpandai.one\/fr\/academy-fr\/"]}]},{"@type":"BreadcrumbList","@id":"https:\/\/xpandai.one\/fr\/academy-fr\/#breadcrumb","itemListElement":[{"@type":"ListItem","position":1,"name":"Startseite","item":"https:\/\/xpandai.one\/fr\/start-2\/"},{"@type":"ListItem","position":2,"name":"Academy (FR)"}]},{"@type":"WebSite","@id":"https:\/\/xpandai.one\/fr\/#website","url":"https:\/\/xpandai.one\/fr\/","name":"xpandAI","description":"","potentialAction":[{"@type":"SearchAction","target":{"@type":"EntryPoint","urlTemplate":"https:\/\/xpandai.one\/fr\/?s={search_term_string}"},"query-input":{"@type":"PropertyValueSpecification","valueRequired":true,"valueName":"search_term_string"}}],"inLanguage":"fr-FR"}]}},"_links":{"self":[{"href":"https:\/\/xpandai.one\/fr\/wp-json\/wp\/v2\/pages\/5851","targetHints":{"allow":["GET"]}}],"collection":[{"href":"https:\/\/xpandai.one\/fr\/wp-json\/wp\/v2\/pages"}],"about":[{"href":"https:\/\/xpandai.one\/fr\/wp-json\/wp\/v2\/types\/page"}],"author":[{"embeddable":true,"href":"https:\/\/xpandai.one\/fr\/wp-json\/wp\/v2\/users\/225"}],"replies":[{"embeddable":true,"href":"https:\/\/xpandai.one\/fr\/wp-json\/wp\/v2\/comments?post=5851"}],"version-history":[{"count":25,"href":"https:\/\/xpandai.one\/fr\/wp-json\/wp\/v2\/pages\/5851\/revisions"}],"predecessor-version":[{"id":6676,"href":"https:\/\/xpandai.one\/fr\/wp-json\/wp\/v2\/pages\/5851\/revisions\/6676"}],"wp:attachment":[{"href":"https:\/\/xpandai.one\/fr\/wp-json\/wp\/v2\/media?parent=5851"}],"wp:term":[{"taxonomy":"kategorie","embeddable":true,"href":"https:\/\/xpandai.one\/fr\/wp-json\/wp\/v2\/kategorie?post=5851"}],"curies":[{"name":"wp","href":"https:\/\/api.w.org\/{rel}","templated":true}]}}