{"id":3749,"date":"2024-09-10T09:36:09","date_gmt":"2024-09-10T07:36:09","guid":{"rendered":"https:\/\/xpandai.one\/xpandai-cafe-de-la-manana-fr\/"},"modified":"2024-09-10T16:48:54","modified_gmt":"2024-09-10T14:48:54","slug":"cafe","status":"publish","type":"page","link":"https:\/\/xpandai.one\/fr\/cafe\/","title":{"rendered":"Caf\u00e9 du matin"},"content":{"rendered":"<div id=\"cs-content\" class=\"cs-content\"><\/div>\n","protected":false},"excerpt":{"rendered":"<p>Caf\u00e9 du matin 6 nouvelles fonctionnalit\u00e9s des projets ChatGPT que vous devez conna\u00eetre13\/06\/2025 20:27Projets ChatGPT a introduit six nouvelles fonctionnalit\u00e9s am\u00e9liorant la productivit\u00e9 : Mode vocal avanc\u00e9, continuit\u00e9 de la m\u00e9moire am\u00e9lior\u00e9e, fonctionnalit\u00e9 mobile compl\u00e8te, partage cibl\u00e9, gestion de fichiers accrue, et instructions sp\u00e9cifiques aux projets, transformant les flux de travail en collaboration IA.Plus&#8230;D\u00e9tails Mise \u00e0 jour significative : L&rsquo;article\u2026<\/p>\n","protected":false},"author":2,"featured_media":0,"parent":0,"menu_order":0,"comment_status":"closed","ping_status":"closed","template":"template-blank-4.php","meta":{"_acf_changed":false,"inline_featured_image":false,"_glsr_average":0,"_glsr_ranking":0,"_glsr_reviews":0,"footnotes":""},"kategorie":[],"class_list":["post-3749","page","type-page","status-publish","hentry","no-post-thumbnail"],"acf":[],"yoast_head":"<!-- This site is optimized with the Yoast SEO plugin v27.5 - https:\/\/yoast.com\/product\/yoast-seo-wordpress\/ -->\n<title>Caf\u00e9 du matin | xpandAI<\/title>\n<meta name=\"robots\" content=\"index, follow, max-snippet:-1, max-image-preview:large, max-video-preview:-1\" \/>\n<link rel=\"canonical\" href=\"https:\/\/xpandai.one\/fr\/cafe\/\" \/>\n<meta property=\"og:locale\" content=\"fr_FR\" \/>\n<meta property=\"og:type\" content=\"article\" \/>\n<meta property=\"og:title\" content=\"Caf\u00e9 du matin | xpandAI\" \/>\n<meta property=\"og:description\" content=\"Caf\u00e9 du matin 6 nouvelles fonctionnalit\u00e9s des projets ChatGPT que vous devez conna\u00eetre13\/06\/2025 20:27Projets ChatGPT a introduit six nouvelles fonctionnalit\u00e9s am\u00e9liorant la productivit\u00e9 : Mode vocal avanc\u00e9, continuit\u00e9 de la m\u00e9moire am\u00e9lior\u00e9e, fonctionnalit\u00e9 mobile compl\u00e8te, partage cibl\u00e9, gestion de fichiers accrue, et instructions sp\u00e9cifiques aux projets, transformant les flux de travail en collaboration IA.Plus...D\u00e9tails Mise \u00e0 jour significative : L&#039;article\u2026\" \/>\n<meta property=\"og:url\" content=\"https:\/\/xpandai.one\/fr\/cafe\/\" \/>\n<meta property=\"og:site_name\" content=\"xpandAI\" \/>\n<meta property=\"article:modified_time\" content=\"2024-09-10T14:48:54+00:00\" \/>\n<meta name=\"twitter:card\" content=\"summary_large_image\" \/>\n<script type=\"application\/ld+json\" class=\"yoast-schema-graph\">{\"@context\":\"https:\\\/\\\/schema.org\",\"@graph\":[{\"@type\":\"WebPage\",\"@id\":\"https:\\\/\\\/xpandai.one\\\/fr\\\/cafe\\\/\",\"url\":\"https:\\\/\\\/xpandai.one\\\/fr\\\/cafe\\\/\",\"name\":\"Caf\u00e9 du matin | xpandAI\",\"isPartOf\":{\"@id\":\"https:\\\/\\\/xpandai.one\\\/fr\\\/#website\"},\"datePublished\":\"2024-09-10T07:36:09+00:00\",\"dateModified\":\"2024-09-10T14:48:54+00:00\",\"breadcrumb\":{\"@id\":\"https:\\\/\\\/xpandai.one\\\/fr\\\/cafe\\\/#breadcrumb\"},\"inLanguage\":\"fr-FR\",\"potentialAction\":[{\"@type\":\"ReadAction\",\"target\":[\"https:\\\/\\\/xpandai.one\\\/fr\\\/cafe\\\/\"]}]},{\"@type\":\"BreadcrumbList\",\"@id\":\"https:\\\/\\\/xpandai.one\\\/fr\\\/cafe\\\/#breadcrumb\",\"itemListElement\":[{\"@type\":\"ListItem\",\"position\":1,\"name\":\"Startseite\",\"item\":\"https:\\\/\\\/xpandai.one\\\/fr\\\/start-2\\\/\"},{\"@type\":\"ListItem\",\"position\":2,\"name\":\"Caf\u00e9 du matin\"}]},{\"@type\":\"WebSite\",\"@id\":\"https:\\\/\\\/xpandai.one\\\/fr\\\/#website\",\"url\":\"https:\\\/\\\/xpandai.one\\\/fr\\\/\",\"name\":\"xpandAI\",\"description\":\"\",\"potentialAction\":[{\"@type\":\"SearchAction\",\"target\":{\"@type\":\"EntryPoint\",\"urlTemplate\":\"https:\\\/\\\/xpandai.one\\\/fr\\\/?s={search_term_string}\"},\"query-input\":{\"@type\":\"PropertyValueSpecification\",\"valueRequired\":true,\"valueName\":\"search_term_string\"}}],\"inLanguage\":\"fr-FR\"}]}<\/script>\n<!-- \/ Yoast SEO plugin. -->","yoast_head_json":{"title":"Caf\u00e9 du matin | xpandAI","robots":{"index":"index","follow":"follow","max-snippet":"max-snippet:-1","max-image-preview":"max-image-preview:large","max-video-preview":"max-video-preview:-1"},"canonical":"https:\/\/xpandai.one\/fr\/cafe\/","og_locale":"fr_FR","og_type":"article","og_title":"Caf\u00e9 du matin | xpandAI","og_description":"Caf\u00e9 du matin 6 nouvelles fonctionnalit\u00e9s des projets ChatGPT que vous devez conna\u00eetre13\/06\/2025 20:27Projets ChatGPT a introduit six nouvelles fonctionnalit\u00e9s am\u00e9liorant la productivit\u00e9 : Mode vocal avanc\u00e9, continuit\u00e9 de la m\u00e9moire am\u00e9lior\u00e9e, fonctionnalit\u00e9 mobile compl\u00e8te, partage cibl\u00e9, gestion de fichiers accrue, et instructions sp\u00e9cifiques aux projets, transformant les flux de travail en collaboration IA.Plus...D\u00e9tails Mise \u00e0 jour significative : L'article\u2026","og_url":"https:\/\/xpandai.one\/fr\/cafe\/","og_site_name":"xpandAI","article_modified_time":"2024-09-10T14:48:54+00:00","twitter_card":"summary_large_image","schema":{"@context":"https:\/\/schema.org","@graph":[{"@type":"WebPage","@id":"https:\/\/xpandai.one\/fr\/cafe\/","url":"https:\/\/xpandai.one\/fr\/cafe\/","name":"Caf\u00e9 du matin | xpandAI","isPartOf":{"@id":"https:\/\/xpandai.one\/fr\/#website"},"datePublished":"2024-09-10T07:36:09+00:00","dateModified":"2024-09-10T14:48:54+00:00","breadcrumb":{"@id":"https:\/\/xpandai.one\/fr\/cafe\/#breadcrumb"},"inLanguage":"fr-FR","potentialAction":[{"@type":"ReadAction","target":["https:\/\/xpandai.one\/fr\/cafe\/"]}]},{"@type":"BreadcrumbList","@id":"https:\/\/xpandai.one\/fr\/cafe\/#breadcrumb","itemListElement":[{"@type":"ListItem","position":1,"name":"Startseite","item":"https:\/\/xpandai.one\/fr\/start-2\/"},{"@type":"ListItem","position":2,"name":"Caf\u00e9 du matin"}]},{"@type":"WebSite","@id":"https:\/\/xpandai.one\/fr\/#website","url":"https:\/\/xpandai.one\/fr\/","name":"xpandAI","description":"","potentialAction":[{"@type":"SearchAction","target":{"@type":"EntryPoint","urlTemplate":"https:\/\/xpandai.one\/fr\/?s={search_term_string}"},"query-input":{"@type":"PropertyValueSpecification","valueRequired":true,"valueName":"search_term_string"}}],"inLanguage":"fr-FR"}]}},"_links":{"self":[{"href":"https:\/\/xpandai.one\/fr\/wp-json\/wp\/v2\/pages\/3749","targetHints":{"allow":["GET"]}}],"collection":[{"href":"https:\/\/xpandai.one\/fr\/wp-json\/wp\/v2\/pages"}],"about":[{"href":"https:\/\/xpandai.one\/fr\/wp-json\/wp\/v2\/types\/page"}],"author":[{"embeddable":true,"href":"https:\/\/xpandai.one\/fr\/wp-json\/wp\/v2\/users\/2"}],"replies":[{"embeddable":true,"href":"https:\/\/xpandai.one\/fr\/wp-json\/wp\/v2\/comments?post=3749"}],"version-history":[{"count":8,"href":"https:\/\/xpandai.one\/fr\/wp-json\/wp\/v2\/pages\/3749\/revisions"}],"predecessor-version":[{"id":3758,"href":"https:\/\/xpandai.one\/fr\/wp-json\/wp\/v2\/pages\/3749\/revisions\/3758"}],"wp:attachment":[{"href":"https:\/\/xpandai.one\/fr\/wp-json\/wp\/v2\/media?parent=3749"}],"wp:term":[{"taxonomy":"kategorie","embeddable":true,"href":"https:\/\/xpandai.one\/fr\/wp-json\/wp\/v2\/kategorie?post=3749"}],"curies":[{"name":"wp","href":"https:\/\/api.w.org\/{rel}","templated":true}]}}