{"id":3482,"date":"2024-01-21T22:07:08","date_gmt":"2024-01-21T21:07:08","guid":{"rendered":"https:\/\/xpandai.one\/xpand-ki-verhaltenskodex-fr\/"},"modified":"2024-07-28T23:57:57","modified_gmt":"2024-07-28T21:57:57","slug":"code-of-conduct","status":"publish","type":"page","link":"https:\/\/xpandai.one\/fr\/code-of-conduct\/","title":{"rendered":"xpand KI Code de conduite"},"content":{"rendered":"<div id=\"cs-content\" class=\"cs-content\"><\/div>\n","protected":false},"excerpt":{"rendered":"<p>xpand KI Code de conduite Pourquoi utilisons-nous l&rsquo;IA ? Chez xpand, nous utilisons l&rsquo;IA pour travailler de mani\u00e8re plus intelligente et cr\u00e9er de meilleures solutions pour nos clients. L&rsquo;IA nous aide \u00e0 prendre des d\u00e9cisions plus judicieuses et \u00e0 d\u00e9couvrir de nouvelles opportunit\u00e9s. La responsabilit\u00e9 et l&rsquo;\u00e9thique sont importantes pour nous. Nous sommes conscients que l&rsquo;IA va \u00e9roder et transformer\u2026<\/p>\n","protected":false},"author":2,"featured_media":0,"parent":0,"menu_order":0,"comment_status":"closed","ping_status":"closed","template":"template-blank-4.php","meta":{"_acf_changed":false,"inline_featured_image":false,"_glsr_average":0,"_glsr_ranking":0,"_glsr_reviews":0,"footnotes":""},"kategorie":[],"class_list":["post-3482","page","type-page","status-publish","hentry","no-post-thumbnail"],"acf":[],"yoast_head":"<!-- This site is optimized with the Yoast SEO plugin v27.5 - https:\/\/yoast.com\/product\/yoast-seo-wordpress\/ -->\n<title>xpand KI Code de conduite | xpandAI<\/title>\n<meta name=\"robots\" content=\"index, follow, max-snippet:-1, max-image-preview:large, max-video-preview:-1\" \/>\n<link rel=\"canonical\" href=\"https:\/\/xpandai.one\/fr\/code-of-conduct\/\" \/>\n<meta property=\"og:locale\" content=\"fr_FR\" \/>\n<meta property=\"og:type\" content=\"article\" \/>\n<meta property=\"og:title\" content=\"xpand KI Code de conduite | xpandAI\" \/>\n<meta property=\"og:description\" content=\"xpand KI Code de conduite Pourquoi utilisons-nous l&#039;IA ? Chez xpand, nous utilisons l&#039;IA pour travailler de mani\u00e8re plus intelligente et cr\u00e9er de meilleures solutions pour nos clients. L&#039;IA nous aide \u00e0 prendre des d\u00e9cisions plus judicieuses et \u00e0 d\u00e9couvrir de nouvelles opportunit\u00e9s. La responsabilit\u00e9 et l&#039;\u00e9thique sont importantes pour nous. Nous sommes conscients que l&#039;IA va \u00e9roder et transformer\u2026\" \/>\n<meta property=\"og:url\" content=\"https:\/\/xpandai.one\/fr\/code-of-conduct\/\" \/>\n<meta property=\"og:site_name\" content=\"xpandAI\" \/>\n<meta property=\"article:modified_time\" content=\"2024-07-28T21:57:57+00:00\" \/>\n<meta name=\"twitter:card\" content=\"summary_large_image\" \/>\n<script type=\"application\/ld+json\" class=\"yoast-schema-graph\">{\"@context\":\"https:\\\/\\\/schema.org\",\"@graph\":[{\"@type\":\"WebPage\",\"@id\":\"https:\\\/\\\/xpandai.one\\\/fr\\\/code-of-conduct\\\/\",\"url\":\"https:\\\/\\\/xpandai.one\\\/fr\\\/code-of-conduct\\\/\",\"name\":\"xpand KI Code de conduite | xpandAI\",\"isPartOf\":{\"@id\":\"https:\\\/\\\/xpandai.one\\\/fr\\\/#website\"},\"datePublished\":\"2024-01-21T21:07:08+00:00\",\"dateModified\":\"2024-07-28T21:57:57+00:00\",\"breadcrumb\":{\"@id\":\"https:\\\/\\\/xpandai.one\\\/fr\\\/code-of-conduct\\\/#breadcrumb\"},\"inLanguage\":\"fr-FR\",\"potentialAction\":[{\"@type\":\"ReadAction\",\"target\":[\"https:\\\/\\\/xpandai.one\\\/fr\\\/code-of-conduct\\\/\"]}]},{\"@type\":\"BreadcrumbList\",\"@id\":\"https:\\\/\\\/xpandai.one\\\/fr\\\/code-of-conduct\\\/#breadcrumb\",\"itemListElement\":[{\"@type\":\"ListItem\",\"position\":1,\"name\":\"Startseite\",\"item\":\"https:\\\/\\\/xpandai.one\\\/fr\\\/start-2\\\/\"},{\"@type\":\"ListItem\",\"position\":2,\"name\":\"xpand KI Code de conduite\"}]},{\"@type\":\"WebSite\",\"@id\":\"https:\\\/\\\/xpandai.one\\\/fr\\\/#website\",\"url\":\"https:\\\/\\\/xpandai.one\\\/fr\\\/\",\"name\":\"xpandAI\",\"description\":\"\",\"potentialAction\":[{\"@type\":\"SearchAction\",\"target\":{\"@type\":\"EntryPoint\",\"urlTemplate\":\"https:\\\/\\\/xpandai.one\\\/fr\\\/?s={search_term_string}\"},\"query-input\":{\"@type\":\"PropertyValueSpecification\",\"valueRequired\":true,\"valueName\":\"search_term_string\"}}],\"inLanguage\":\"fr-FR\"}]}<\/script>\n<!-- \/ Yoast SEO plugin. -->","yoast_head_json":{"title":"xpand KI Code de conduite | xpandAI","robots":{"index":"index","follow":"follow","max-snippet":"max-snippet:-1","max-image-preview":"max-image-preview:large","max-video-preview":"max-video-preview:-1"},"canonical":"https:\/\/xpandai.one\/fr\/code-of-conduct\/","og_locale":"fr_FR","og_type":"article","og_title":"xpand KI Code de conduite | xpandAI","og_description":"xpand KI Code de conduite Pourquoi utilisons-nous l'IA ? Chez xpand, nous utilisons l'IA pour travailler de mani\u00e8re plus intelligente et cr\u00e9er de meilleures solutions pour nos clients. L'IA nous aide \u00e0 prendre des d\u00e9cisions plus judicieuses et \u00e0 d\u00e9couvrir de nouvelles opportunit\u00e9s. La responsabilit\u00e9 et l'\u00e9thique sont importantes pour nous. Nous sommes conscients que l'IA va \u00e9roder et transformer\u2026","og_url":"https:\/\/xpandai.one\/fr\/code-of-conduct\/","og_site_name":"xpandAI","article_modified_time":"2024-07-28T21:57:57+00:00","twitter_card":"summary_large_image","schema":{"@context":"https:\/\/schema.org","@graph":[{"@type":"WebPage","@id":"https:\/\/xpandai.one\/fr\/code-of-conduct\/","url":"https:\/\/xpandai.one\/fr\/code-of-conduct\/","name":"xpand KI Code de conduite | xpandAI","isPartOf":{"@id":"https:\/\/xpandai.one\/fr\/#website"},"datePublished":"2024-01-21T21:07:08+00:00","dateModified":"2024-07-28T21:57:57+00:00","breadcrumb":{"@id":"https:\/\/xpandai.one\/fr\/code-of-conduct\/#breadcrumb"},"inLanguage":"fr-FR","potentialAction":[{"@type":"ReadAction","target":["https:\/\/xpandai.one\/fr\/code-of-conduct\/"]}]},{"@type":"BreadcrumbList","@id":"https:\/\/xpandai.one\/fr\/code-of-conduct\/#breadcrumb","itemListElement":[{"@type":"ListItem","position":1,"name":"Startseite","item":"https:\/\/xpandai.one\/fr\/start-2\/"},{"@type":"ListItem","position":2,"name":"xpand KI Code de conduite"}]},{"@type":"WebSite","@id":"https:\/\/xpandai.one\/fr\/#website","url":"https:\/\/xpandai.one\/fr\/","name":"xpandAI","description":"","potentialAction":[{"@type":"SearchAction","target":{"@type":"EntryPoint","urlTemplate":"https:\/\/xpandai.one\/fr\/?s={search_term_string}"},"query-input":{"@type":"PropertyValueSpecification","valueRequired":true,"valueName":"search_term_string"}}],"inLanguage":"fr-FR"}]}},"_links":{"self":[{"href":"https:\/\/xpandai.one\/fr\/wp-json\/wp\/v2\/pages\/3482","targetHints":{"allow":["GET"]}}],"collection":[{"href":"https:\/\/xpandai.one\/fr\/wp-json\/wp\/v2\/pages"}],"about":[{"href":"https:\/\/xpandai.one\/fr\/wp-json\/wp\/v2\/types\/page"}],"author":[{"embeddable":true,"href":"https:\/\/xpandai.one\/fr\/wp-json\/wp\/v2\/users\/2"}],"replies":[{"embeddable":true,"href":"https:\/\/xpandai.one\/fr\/wp-json\/wp\/v2\/comments?post=3482"}],"version-history":[{"count":4,"href":"https:\/\/xpandai.one\/fr\/wp-json\/wp\/v2\/pages\/3482\/revisions"}],"predecessor-version":[{"id":3486,"href":"https:\/\/xpandai.one\/fr\/wp-json\/wp\/v2\/pages\/3482\/revisions\/3486"}],"wp:attachment":[{"href":"https:\/\/xpandai.one\/fr\/wp-json\/wp\/v2\/media?parent=3482"}],"wp:term":[{"taxonomy":"kategorie","embeddable":true,"href":"https:\/\/xpandai.one\/fr\/wp-json\/wp\/v2\/kategorie?post=3482"}],"curies":[{"name":"wp","href":"https:\/\/api.w.org\/{rel}","templated":true}]}}