{"id":3477,"date":"2024-01-22T21:31:25","date_gmt":"2024-01-22T20:31:25","guid":{"rendered":"https:\/\/xpandai.one\/anleitung-effektive-nutzung-fr\/"},"modified":"2024-07-28T23:55:11","modified_gmt":"2024-07-28T21:55:11","slug":"instructions","status":"publish","type":"page","link":"https:\/\/xpandai.one\/fr\/instructions\/","title":{"rendered":"Instructions &#038; utilisation efficace"},"content":{"rendered":"<div id=\"cs-content\" class=\"cs-content\"><\/div>\n","protected":false},"excerpt":{"rendered":"<p>Instructions &#038; utilisation efficace Bienvenue ! Voici quelques directives simples pour optimiser l&rsquo;interaction avec nos puissants outils GPT. Ces conseils vous aideront \u00e0 obtenir des r\u00e9ponses plus claires et cibl\u00e9es. 1. R\u00e9digez des instructions claires Nos assistants et GPTs ne peuvent pas lire dans vos pens\u00e9es. Pour obtenir des r\u00e9ponses utiles, il est important de formuler vos demandes de mani\u00e8re\u2026<\/p>\n","protected":false},"author":2,"featured_media":0,"parent":0,"menu_order":0,"comment_status":"closed","ping_status":"closed","template":"template-blank-4.php","meta":{"_acf_changed":false,"inline_featured_image":false,"_glsr_average":0,"_glsr_ranking":0,"_glsr_reviews":0,"footnotes":""},"kategorie":[],"class_list":["post-3477","page","type-page","status-publish","hentry","no-post-thumbnail"],"acf":[],"yoast_head":"<!-- This site is optimized with the Yoast SEO plugin v27.5 - https:\/\/yoast.com\/product\/yoast-seo-wordpress\/ -->\n<title>Instructions &amp; utilisation efficace | xpandAI<\/title>\n<meta name=\"robots\" content=\"index, follow, max-snippet:-1, max-image-preview:large, max-video-preview:-1\" \/>\n<link rel=\"canonical\" href=\"https:\/\/xpandai.one\/fr\/instructions\/\" \/>\n<meta property=\"og:locale\" content=\"fr_FR\" \/>\n<meta property=\"og:type\" content=\"article\" \/>\n<meta property=\"og:title\" content=\"Instructions &amp; utilisation efficace | xpandAI\" \/>\n<meta property=\"og:description\" content=\"Instructions &#038; utilisation efficace Bienvenue ! Voici quelques directives simples pour optimiser l&#039;interaction avec nos puissants outils GPT. Ces conseils vous aideront \u00e0 obtenir des r\u00e9ponses plus claires et cibl\u00e9es. 1. R\u00e9digez des instructions claires Nos assistants et GPTs ne peuvent pas lire dans vos pens\u00e9es. Pour obtenir des r\u00e9ponses utiles, il est important de formuler vos demandes de mani\u00e8re\u2026\" \/>\n<meta property=\"og:url\" content=\"https:\/\/xpandai.one\/fr\/instructions\/\" \/>\n<meta property=\"og:site_name\" content=\"xpandAI\" \/>\n<meta property=\"article:modified_time\" content=\"2024-07-28T21:55:11+00:00\" \/>\n<meta name=\"twitter:card\" content=\"summary_large_image\" \/>\n<script type=\"application\/ld+json\" class=\"yoast-schema-graph\">{\"@context\":\"https:\\\/\\\/schema.org\",\"@graph\":[{\"@type\":\"WebPage\",\"@id\":\"https:\\\/\\\/xpandai.one\\\/fr\\\/instructions\\\/\",\"url\":\"https:\\\/\\\/xpandai.one\\\/fr\\\/instructions\\\/\",\"name\":\"Instructions & utilisation efficace | xpandAI\",\"isPartOf\":{\"@id\":\"https:\\\/\\\/xpandai.one\\\/fr\\\/#website\"},\"datePublished\":\"2024-01-22T20:31:25+00:00\",\"dateModified\":\"2024-07-28T21:55:11+00:00\",\"breadcrumb\":{\"@id\":\"https:\\\/\\\/xpandai.one\\\/fr\\\/instructions\\\/#breadcrumb\"},\"inLanguage\":\"fr-FR\",\"potentialAction\":[{\"@type\":\"ReadAction\",\"target\":[\"https:\\\/\\\/xpandai.one\\\/fr\\\/instructions\\\/\"]}]},{\"@type\":\"BreadcrumbList\",\"@id\":\"https:\\\/\\\/xpandai.one\\\/fr\\\/instructions\\\/#breadcrumb\",\"itemListElement\":[{\"@type\":\"ListItem\",\"position\":1,\"name\":\"Startseite\",\"item\":\"https:\\\/\\\/xpandai.one\\\/fr\\\/start-2\\\/\"},{\"@type\":\"ListItem\",\"position\":2,\"name\":\"Instructions &#038; utilisation efficace\"}]},{\"@type\":\"WebSite\",\"@id\":\"https:\\\/\\\/xpandai.one\\\/fr\\\/#website\",\"url\":\"https:\\\/\\\/xpandai.one\\\/fr\\\/\",\"name\":\"xpandAI\",\"description\":\"\",\"potentialAction\":[{\"@type\":\"SearchAction\",\"target\":{\"@type\":\"EntryPoint\",\"urlTemplate\":\"https:\\\/\\\/xpandai.one\\\/fr\\\/?s={search_term_string}\"},\"query-input\":{\"@type\":\"PropertyValueSpecification\",\"valueRequired\":true,\"valueName\":\"search_term_string\"}}],\"inLanguage\":\"fr-FR\"}]}<\/script>\n<!-- \/ Yoast SEO plugin. -->","yoast_head_json":{"title":"Instructions & utilisation efficace | xpandAI","robots":{"index":"index","follow":"follow","max-snippet":"max-snippet:-1","max-image-preview":"max-image-preview:large","max-video-preview":"max-video-preview:-1"},"canonical":"https:\/\/xpandai.one\/fr\/instructions\/","og_locale":"fr_FR","og_type":"article","og_title":"Instructions & utilisation efficace | xpandAI","og_description":"Instructions &#038; utilisation efficace Bienvenue ! Voici quelques directives simples pour optimiser l'interaction avec nos puissants outils GPT. Ces conseils vous aideront \u00e0 obtenir des r\u00e9ponses plus claires et cibl\u00e9es. 1. R\u00e9digez des instructions claires Nos assistants et GPTs ne peuvent pas lire dans vos pens\u00e9es. Pour obtenir des r\u00e9ponses utiles, il est important de formuler vos demandes de mani\u00e8re\u2026","og_url":"https:\/\/xpandai.one\/fr\/instructions\/","og_site_name":"xpandAI","article_modified_time":"2024-07-28T21:55:11+00:00","twitter_card":"summary_large_image","schema":{"@context":"https:\/\/schema.org","@graph":[{"@type":"WebPage","@id":"https:\/\/xpandai.one\/fr\/instructions\/","url":"https:\/\/xpandai.one\/fr\/instructions\/","name":"Instructions & utilisation efficace | xpandAI","isPartOf":{"@id":"https:\/\/xpandai.one\/fr\/#website"},"datePublished":"2024-01-22T20:31:25+00:00","dateModified":"2024-07-28T21:55:11+00:00","breadcrumb":{"@id":"https:\/\/xpandai.one\/fr\/instructions\/#breadcrumb"},"inLanguage":"fr-FR","potentialAction":[{"@type":"ReadAction","target":["https:\/\/xpandai.one\/fr\/instructions\/"]}]},{"@type":"BreadcrumbList","@id":"https:\/\/xpandai.one\/fr\/instructions\/#breadcrumb","itemListElement":[{"@type":"ListItem","position":1,"name":"Startseite","item":"https:\/\/xpandai.one\/fr\/start-2\/"},{"@type":"ListItem","position":2,"name":"Instructions &#038; utilisation efficace"}]},{"@type":"WebSite","@id":"https:\/\/xpandai.one\/fr\/#website","url":"https:\/\/xpandai.one\/fr\/","name":"xpandAI","description":"","potentialAction":[{"@type":"SearchAction","target":{"@type":"EntryPoint","urlTemplate":"https:\/\/xpandai.one\/fr\/?s={search_term_string}"},"query-input":{"@type":"PropertyValueSpecification","valueRequired":true,"valueName":"search_term_string"}}],"inLanguage":"fr-FR"}]}},"_links":{"self":[{"href":"https:\/\/xpandai.one\/fr\/wp-json\/wp\/v2\/pages\/3477","targetHints":{"allow":["GET"]}}],"collection":[{"href":"https:\/\/xpandai.one\/fr\/wp-json\/wp\/v2\/pages"}],"about":[{"href":"https:\/\/xpandai.one\/fr\/wp-json\/wp\/v2\/types\/page"}],"author":[{"embeddable":true,"href":"https:\/\/xpandai.one\/fr\/wp-json\/wp\/v2\/users\/2"}],"replies":[{"embeddable":true,"href":"https:\/\/xpandai.one\/fr\/wp-json\/wp\/v2\/comments?post=3477"}],"version-history":[{"count":4,"href":"https:\/\/xpandai.one\/fr\/wp-json\/wp\/v2\/pages\/3477\/revisions"}],"predecessor-version":[{"id":3481,"href":"https:\/\/xpandai.one\/fr\/wp-json\/wp\/v2\/pages\/3477\/revisions\/3481"}],"wp:attachment":[{"href":"https:\/\/xpandai.one\/fr\/wp-json\/wp\/v2\/media?parent=3477"}],"wp:term":[{"taxonomy":"kategorie","embeddable":true,"href":"https:\/\/xpandai.one\/fr\/wp-json\/wp\/v2\/kategorie?post=3477"}],"curies":[{"name":"wp","href":"https:\/\/api.w.org\/{rel}","templated":true}]}}