{"id":3468,"date":"2015-12-22T07:07:04","date_gmt":"2015-12-22T06:07:04","guid":{"rendered":"https:\/\/xpandai.one\/herzlich-willkommen-bei-xpand-ki-fr\/"},"modified":"2025-02-28T12:08:34","modified_gmt":"2025-02-28T11:08:34","slug":"start","status":"publish","type":"page","link":"https:\/\/xpandai.one\/fr\/start\/","title":{"rendered":"Bienvenue chez xpand IA"},"content":{"rendered":"<div id=\"cs-content\" class=\"cs-content\"><\/div>\n","protected":false},"excerpt":{"rendered":"<p>Bienvenue chez xpand IA \u00ab Et si chacun avait un coach \u00e0 ses c\u00f4t\u00e9s ? \u00bbD\u00e9couvrez l&rsquo;avenir du d\u00e9veloppement personnel et professionnel sur notre plateforme d&rsquo;IA, bas\u00e9e sur les technologies d&rsquo;OpenAI avec la conformit\u00e9 au RGPD.Ton coach Un espace s\u00fbr pour le d\u00e9veloppement personnel et professionnel.Outil de d\u00e9cision Un guide du processus de t\u00e9tralemme pour des d\u00e9cisions claires.G\u00e9n\u00e9rateur de r\u00e8gles\u2026<\/p>\n","protected":false},"author":2,"featured_media":3473,"parent":0,"menu_order":0,"comment_status":"closed","ping_status":"closed","template":"template-blank-4.php","meta":{"_acf_changed":false,"inline_featured_image":false,"_glsr_average":0,"_glsr_ranking":0,"_glsr_reviews":0,"footnotes":""},"kategorie":[],"class_list":["post-3468","page","type-page","status-publish","has-post-thumbnail","hentry"],"acf":[],"yoast_head":"<!-- This site is optimized with the Yoast SEO plugin v27.5 - https:\/\/yoast.com\/product\/yoast-seo-wordpress\/ -->\n<title>Bienvenue chez xpand IA | xpandAI<\/title>\n<meta name=\"robots\" content=\"index, follow, max-snippet:-1, max-image-preview:large, max-video-preview:-1\" \/>\n<link rel=\"canonical\" href=\"https:\/\/xpandai.one\/fr\/start\/\" \/>\n<meta property=\"og:locale\" content=\"fr_FR\" \/>\n<meta property=\"og:type\" content=\"article\" \/>\n<meta property=\"og:title\" content=\"Bienvenue chez xpand IA | xpandAI\" \/>\n<meta property=\"og:description\" content=\"Bienvenue chez xpand IA \u00ab Et si chacun avait un coach \u00e0 ses c\u00f4t\u00e9s ? \u00bbD\u00e9couvrez l&#039;avenir du d\u00e9veloppement personnel et professionnel sur notre plateforme d&#039;IA, bas\u00e9e sur les technologies d&#039;OpenAI avec la conformit\u00e9 au RGPD.Ton coach Un espace s\u00fbr pour le d\u00e9veloppement personnel et professionnel.Outil de d\u00e9cision Un guide du processus de t\u00e9tralemme pour des d\u00e9cisions claires.G\u00e9n\u00e9rateur de r\u00e8gles\u2026\" \/>\n<meta property=\"og:url\" content=\"https:\/\/xpandai.one\/fr\/start\/\" \/>\n<meta property=\"og:site_name\" content=\"xpandAI\" \/>\n<meta property=\"article:modified_time\" content=\"2025-02-28T11:08:34+00:00\" \/>\n<meta property=\"og:image\" content=\"https:\/\/xpandai.one\/wp-content\/uploads\/2024\/01\/titelbild.jpg\" \/>\n\t<meta property=\"og:image:width\" content=\"1792\" \/>\n\t<meta property=\"og:image:height\" content=\"800\" \/>\n\t<meta property=\"og:image:type\" content=\"image\/jpeg\" \/>\n<meta name=\"twitter:card\" content=\"summary_large_image\" \/>\n<meta name=\"twitter:label1\" content=\"Dur\u00e9e de lecture estim\u00e9e\" \/>\n\t<meta name=\"twitter:data1\" content=\"7 minutes\" \/>\n<script type=\"application\/ld+json\" class=\"yoast-schema-graph\">{\"@context\":\"https:\\\/\\\/schema.org\",\"@graph\":[{\"@type\":\"WebPage\",\"@id\":\"https:\\\/\\\/xpandai.one\\\/fr\\\/start\\\/\",\"url\":\"https:\\\/\\\/xpandai.one\\\/fr\\\/start\\\/\",\"name\":\"Bienvenue chez xpand IA | xpandAI\",\"isPartOf\":{\"@id\":\"https:\\\/\\\/xpandai.one\\\/fr\\\/#website\"},\"primaryImageOfPage\":{\"@id\":\"https:\\\/\\\/xpandai.one\\\/fr\\\/start\\\/#primaryimage\"},\"image\":{\"@id\":\"https:\\\/\\\/xpandai.one\\\/fr\\\/start\\\/#primaryimage\"},\"thumbnailUrl\":\"https:\\\/\\\/xpandai.one\\\/wp-content\\\/uploads\\\/2024\\\/01\\\/titelbild.jpg\",\"datePublished\":\"2015-12-22T06:07:04+00:00\",\"dateModified\":\"2025-02-28T11:08:34+00:00\",\"breadcrumb\":{\"@id\":\"https:\\\/\\\/xpandai.one\\\/fr\\\/start\\\/#breadcrumb\"},\"inLanguage\":\"fr-FR\",\"potentialAction\":[{\"@type\":\"ReadAction\",\"target\":[\"https:\\\/\\\/xpandai.one\\\/fr\\\/start\\\/\"]}]},{\"@type\":\"ImageObject\",\"inLanguage\":\"fr-FR\",\"@id\":\"https:\\\/\\\/xpandai.one\\\/fr\\\/start\\\/#primaryimage\",\"url\":\"https:\\\/\\\/xpandai.one\\\/wp-content\\\/uploads\\\/2024\\\/01\\\/titelbild.jpg\",\"contentUrl\":\"https:\\\/\\\/xpandai.one\\\/wp-content\\\/uploads\\\/2024\\\/01\\\/titelbild.jpg\",\"width\":1792,\"height\":800},{\"@type\":\"BreadcrumbList\",\"@id\":\"https:\\\/\\\/xpandai.one\\\/fr\\\/start\\\/#breadcrumb\",\"itemListElement\":[{\"@type\":\"ListItem\",\"position\":1,\"name\":\"Startseite\",\"item\":\"https:\\\/\\\/xpandai.one\\\/fr\\\/start-2\\\/\"},{\"@type\":\"ListItem\",\"position\":2,\"name\":\"Bienvenue chez xpand IA\"}]},{\"@type\":\"WebSite\",\"@id\":\"https:\\\/\\\/xpandai.one\\\/fr\\\/#website\",\"url\":\"https:\\\/\\\/xpandai.one\\\/fr\\\/\",\"name\":\"xpandAI\",\"description\":\"\",\"potentialAction\":[{\"@type\":\"SearchAction\",\"target\":{\"@type\":\"EntryPoint\",\"urlTemplate\":\"https:\\\/\\\/xpandai.one\\\/fr\\\/?s={search_term_string}\"},\"query-input\":{\"@type\":\"PropertyValueSpecification\",\"valueRequired\":true,\"valueName\":\"search_term_string\"}}],\"inLanguage\":\"fr-FR\"}]}<\/script>\n<!-- \/ Yoast SEO plugin. -->","yoast_head_json":{"title":"Bienvenue chez xpand IA | xpandAI","robots":{"index":"index","follow":"follow","max-snippet":"max-snippet:-1","max-image-preview":"max-image-preview:large","max-video-preview":"max-video-preview:-1"},"canonical":"https:\/\/xpandai.one\/fr\/start\/","og_locale":"fr_FR","og_type":"article","og_title":"Bienvenue chez xpand IA | xpandAI","og_description":"Bienvenue chez xpand IA \u00ab Et si chacun avait un coach \u00e0 ses c\u00f4t\u00e9s ? \u00bbD\u00e9couvrez l'avenir du d\u00e9veloppement personnel et professionnel sur notre plateforme d'IA, bas\u00e9e sur les technologies d'OpenAI avec la conformit\u00e9 au RGPD.Ton coach Un espace s\u00fbr pour le d\u00e9veloppement personnel et professionnel.Outil de d\u00e9cision Un guide du processus de t\u00e9tralemme pour des d\u00e9cisions claires.G\u00e9n\u00e9rateur de r\u00e8gles\u2026","og_url":"https:\/\/xpandai.one\/fr\/start\/","og_site_name":"xpandAI","article_modified_time":"2025-02-28T11:08:34+00:00","og_image":[{"width":1792,"height":800,"url":"https:\/\/xpandai.one\/wp-content\/uploads\/2024\/01\/titelbild.jpg","type":"image\/jpeg"}],"twitter_card":"summary_large_image","twitter_misc":{"Dur\u00e9e de lecture estim\u00e9e":"7 minutes"},"schema":{"@context":"https:\/\/schema.org","@graph":[{"@type":"WebPage","@id":"https:\/\/xpandai.one\/fr\/start\/","url":"https:\/\/xpandai.one\/fr\/start\/","name":"Bienvenue chez xpand IA | xpandAI","isPartOf":{"@id":"https:\/\/xpandai.one\/fr\/#website"},"primaryImageOfPage":{"@id":"https:\/\/xpandai.one\/fr\/start\/#primaryimage"},"image":{"@id":"https:\/\/xpandai.one\/fr\/start\/#primaryimage"},"thumbnailUrl":"https:\/\/xpandai.one\/wp-content\/uploads\/2024\/01\/titelbild.jpg","datePublished":"2015-12-22T06:07:04+00:00","dateModified":"2025-02-28T11:08:34+00:00","breadcrumb":{"@id":"https:\/\/xpandai.one\/fr\/start\/#breadcrumb"},"inLanguage":"fr-FR","potentialAction":[{"@type":"ReadAction","target":["https:\/\/xpandai.one\/fr\/start\/"]}]},{"@type":"ImageObject","inLanguage":"fr-FR","@id":"https:\/\/xpandai.one\/fr\/start\/#primaryimage","url":"https:\/\/xpandai.one\/wp-content\/uploads\/2024\/01\/titelbild.jpg","contentUrl":"https:\/\/xpandai.one\/wp-content\/uploads\/2024\/01\/titelbild.jpg","width":1792,"height":800},{"@type":"BreadcrumbList","@id":"https:\/\/xpandai.one\/fr\/start\/#breadcrumb","itemListElement":[{"@type":"ListItem","position":1,"name":"Startseite","item":"https:\/\/xpandai.one\/fr\/start-2\/"},{"@type":"ListItem","position":2,"name":"Bienvenue chez xpand IA"}]},{"@type":"WebSite","@id":"https:\/\/xpandai.one\/fr\/#website","url":"https:\/\/xpandai.one\/fr\/","name":"xpandAI","description":"","potentialAction":[{"@type":"SearchAction","target":{"@type":"EntryPoint","urlTemplate":"https:\/\/xpandai.one\/fr\/?s={search_term_string}"},"query-input":{"@type":"PropertyValueSpecification","valueRequired":true,"valueName":"search_term_string"}}],"inLanguage":"fr-FR"}]}},"_links":{"self":[{"href":"https:\/\/xpandai.one\/fr\/wp-json\/wp\/v2\/pages\/3468","targetHints":{"allow":["GET"]}}],"collection":[{"href":"https:\/\/xpandai.one\/fr\/wp-json\/wp\/v2\/pages"}],"about":[{"href":"https:\/\/xpandai.one\/fr\/wp-json\/wp\/v2\/types\/page"}],"author":[{"embeddable":true,"href":"https:\/\/xpandai.one\/fr\/wp-json\/wp\/v2\/users\/2"}],"replies":[{"embeddable":true,"href":"https:\/\/xpandai.one\/fr\/wp-json\/wp\/v2\/comments?post=3468"}],"version-history":[{"count":7,"href":"https:\/\/xpandai.one\/fr\/wp-json\/wp\/v2\/pages\/3468\/revisions"}],"predecessor-version":[{"id":3642,"href":"https:\/\/xpandai.one\/fr\/wp-json\/wp\/v2\/pages\/3468\/revisions\/3642"}],"wp:featuredmedia":[{"embeddable":true,"href":"https:\/\/xpandai.one\/fr\/wp-json\/wp\/v2\/media\/3473"}],"wp:attachment":[{"href":"https:\/\/xpandai.one\/fr\/wp-json\/wp\/v2\/media?parent=3468"}],"wp:term":[{"taxonomy":"kategorie","embeddable":true,"href":"https:\/\/xpandai.one\/fr\/wp-json\/wp\/v2\/kategorie?post=3468"}],"curies":[{"name":"wp","href":"https:\/\/api.w.org\/{rel}","templated":true}]}}