{"id":3464,"date":"2024-01-24T09:59:32","date_gmt":"2024-01-24T08:59:32","guid":{"rendered":"https:\/\/xpandai.one\/gute-okrs-fr\/"},"modified":"2024-07-28T23:38:02","modified_gmt":"2024-07-28T21:38:02","slug":"okr-2","status":"publish","type":"page","link":"https:\/\/xpandai.one\/fr\/okr-2\/","title":{"rendered":"Gute OKRs (FR)"},"content":{"rendered":"<div id=\"cs-content\" class=\"cs-content\"><\/div>\n","protected":false},"excerpt":{"rendered":"<p>Gute OKRs (FR) Feedback und Ideen Ihr Feedback und Ihre Ideen sind uns wichtig! Haben Sie innovative Vorschl\u00e4ge oder Gedanken zu neuen Assistenten, die Ihnen im Alltag helfen k\u00f6nnten? Wir laden Sie ein, uns Ihre Meinungen und Vorschl\u00e4ge mitzuteilen. Ihre kreativen und mutigen Ideen sind entscheidend f\u00fcr uns, um unsere Dienste zu verbessern und zu erweitern. Teilen Sie Ihre Visionen\u2026<\/p>\n","protected":false},"author":2,"featured_media":0,"parent":0,"menu_order":0,"comment_status":"closed","ping_status":"closed","template":"template-blank-4.php","meta":{"_acf_changed":false,"inline_featured_image":false,"_glsr_average":0,"_glsr_ranking":0,"_glsr_reviews":0,"footnotes":""},"kategorie":[],"class_list":["post-3464","page","type-page","status-publish","hentry","no-post-thumbnail"],"acf":[],"yoast_head":"<!-- This site is optimized with the Yoast SEO plugin v27.5 - https:\/\/yoast.com\/product\/yoast-seo-wordpress\/ -->\n<title>Gute OKRs (FR) | xpandAI<\/title>\n<meta name=\"robots\" content=\"index, follow, max-snippet:-1, max-image-preview:large, max-video-preview:-1\" \/>\n<link rel=\"canonical\" href=\"https:\/\/xpandai.one\/fr\/okr-2\/\" \/>\n<meta property=\"og:locale\" content=\"fr_FR\" \/>\n<meta property=\"og:type\" content=\"article\" \/>\n<meta property=\"og:title\" content=\"Gute OKRs (FR) | xpandAI\" \/>\n<meta property=\"og:description\" content=\"Gute OKRs (FR) Feedback und Ideen Ihr Feedback und Ihre Ideen sind uns wichtig! Haben Sie innovative Vorschl\u00e4ge oder Gedanken zu neuen Assistenten, die Ihnen im Alltag helfen k\u00f6nnten? Wir laden Sie ein, uns Ihre Meinungen und Vorschl\u00e4ge mitzuteilen. Ihre kreativen und mutigen Ideen sind entscheidend f\u00fcr uns, um unsere Dienste zu verbessern und zu erweitern. Teilen Sie Ihre Visionen\u2026\" \/>\n<meta property=\"og:url\" content=\"https:\/\/xpandai.one\/fr\/okr-2\/\" \/>\n<meta property=\"og:site_name\" content=\"xpandAI\" \/>\n<meta property=\"article:modified_time\" content=\"2024-07-28T21:38:02+00:00\" \/>\n<meta name=\"twitter:card\" content=\"summary_large_image\" \/>\n<meta name=\"twitter:label1\" content=\"Dur\u00e9e de lecture estim\u00e9e\" \/>\n\t<meta name=\"twitter:data1\" content=\"1 minute\" \/>\n<script type=\"application\/ld+json\" class=\"yoast-schema-graph\">{\"@context\":\"https:\\\/\\\/schema.org\",\"@graph\":[{\"@type\":\"WebPage\",\"@id\":\"https:\\\/\\\/xpandai.one\\\/fr\\\/okr-2\\\/\",\"url\":\"https:\\\/\\\/xpandai.one\\\/fr\\\/okr-2\\\/\",\"name\":\"Gute OKRs (FR) | xpandAI\",\"isPartOf\":{\"@id\":\"https:\\\/\\\/xpandai.one\\\/fr\\\/#website\"},\"datePublished\":\"2024-01-24T08:59:32+00:00\",\"dateModified\":\"2024-07-28T21:38:02+00:00\",\"breadcrumb\":{\"@id\":\"https:\\\/\\\/xpandai.one\\\/fr\\\/okr-2\\\/#breadcrumb\"},\"inLanguage\":\"fr-FR\",\"potentialAction\":[{\"@type\":\"ReadAction\",\"target\":[\"https:\\\/\\\/xpandai.one\\\/fr\\\/okr-2\\\/\"]}]},{\"@type\":\"BreadcrumbList\",\"@id\":\"https:\\\/\\\/xpandai.one\\\/fr\\\/okr-2\\\/#breadcrumb\",\"itemListElement\":[{\"@type\":\"ListItem\",\"position\":1,\"name\":\"Startseite\",\"item\":\"https:\\\/\\\/xpandai.one\\\/fr\\\/start-2\\\/\"},{\"@type\":\"ListItem\",\"position\":2,\"name\":\"Gute OKRs (FR)\"}]},{\"@type\":\"WebSite\",\"@id\":\"https:\\\/\\\/xpandai.one\\\/fr\\\/#website\",\"url\":\"https:\\\/\\\/xpandai.one\\\/fr\\\/\",\"name\":\"xpandAI\",\"description\":\"\",\"potentialAction\":[{\"@type\":\"SearchAction\",\"target\":{\"@type\":\"EntryPoint\",\"urlTemplate\":\"https:\\\/\\\/xpandai.one\\\/fr\\\/?s={search_term_string}\"},\"query-input\":{\"@type\":\"PropertyValueSpecification\",\"valueRequired\":true,\"valueName\":\"search_term_string\"}}],\"inLanguage\":\"fr-FR\"}]}<\/script>\n<!-- \/ Yoast SEO plugin. -->","yoast_head_json":{"title":"Gute OKRs (FR) | xpandAI","robots":{"index":"index","follow":"follow","max-snippet":"max-snippet:-1","max-image-preview":"max-image-preview:large","max-video-preview":"max-video-preview:-1"},"canonical":"https:\/\/xpandai.one\/fr\/okr-2\/","og_locale":"fr_FR","og_type":"article","og_title":"Gute OKRs (FR) | xpandAI","og_description":"Gute OKRs (FR) Feedback und Ideen Ihr Feedback und Ihre Ideen sind uns wichtig! Haben Sie innovative Vorschl\u00e4ge oder Gedanken zu neuen Assistenten, die Ihnen im Alltag helfen k\u00f6nnten? Wir laden Sie ein, uns Ihre Meinungen und Vorschl\u00e4ge mitzuteilen. Ihre kreativen und mutigen Ideen sind entscheidend f\u00fcr uns, um unsere Dienste zu verbessern und zu erweitern. Teilen Sie Ihre Visionen\u2026","og_url":"https:\/\/xpandai.one\/fr\/okr-2\/","og_site_name":"xpandAI","article_modified_time":"2024-07-28T21:38:02+00:00","twitter_card":"summary_large_image","twitter_misc":{"Dur\u00e9e de lecture estim\u00e9e":"1 minute"},"schema":{"@context":"https:\/\/schema.org","@graph":[{"@type":"WebPage","@id":"https:\/\/xpandai.one\/fr\/okr-2\/","url":"https:\/\/xpandai.one\/fr\/okr-2\/","name":"Gute OKRs (FR) | xpandAI","isPartOf":{"@id":"https:\/\/xpandai.one\/fr\/#website"},"datePublished":"2024-01-24T08:59:32+00:00","dateModified":"2024-07-28T21:38:02+00:00","breadcrumb":{"@id":"https:\/\/xpandai.one\/fr\/okr-2\/#breadcrumb"},"inLanguage":"fr-FR","potentialAction":[{"@type":"ReadAction","target":["https:\/\/xpandai.one\/fr\/okr-2\/"]}]},{"@type":"BreadcrumbList","@id":"https:\/\/xpandai.one\/fr\/okr-2\/#breadcrumb","itemListElement":[{"@type":"ListItem","position":1,"name":"Startseite","item":"https:\/\/xpandai.one\/fr\/start-2\/"},{"@type":"ListItem","position":2,"name":"Gute OKRs (FR)"}]},{"@type":"WebSite","@id":"https:\/\/xpandai.one\/fr\/#website","url":"https:\/\/xpandai.one\/fr\/","name":"xpandAI","description":"","potentialAction":[{"@type":"SearchAction","target":{"@type":"EntryPoint","urlTemplate":"https:\/\/xpandai.one\/fr\/?s={search_term_string}"},"query-input":{"@type":"PropertyValueSpecification","valueRequired":true,"valueName":"search_term_string"}}],"inLanguage":"fr-FR"}]}},"_links":{"self":[{"href":"https:\/\/xpandai.one\/fr\/wp-json\/wp\/v2\/pages\/3464","targetHints":{"allow":["GET"]}}],"collection":[{"href":"https:\/\/xpandai.one\/fr\/wp-json\/wp\/v2\/pages"}],"about":[{"href":"https:\/\/xpandai.one\/fr\/wp-json\/wp\/v2\/types\/page"}],"author":[{"embeddable":true,"href":"https:\/\/xpandai.one\/fr\/wp-json\/wp\/v2\/users\/2"}],"replies":[{"embeddable":true,"href":"https:\/\/xpandai.one\/fr\/wp-json\/wp\/v2\/comments?post=3464"}],"version-history":[{"count":2,"href":"https:\/\/xpandai.one\/fr\/wp-json\/wp\/v2\/pages\/3464\/revisions"}],"predecessor-version":[{"id":3466,"href":"https:\/\/xpandai.one\/fr\/wp-json\/wp\/v2\/pages\/3464\/revisions\/3466"}],"wp:attachment":[{"href":"https:\/\/xpandai.one\/fr\/wp-json\/wp\/v2\/media?parent=3464"}],"wp:term":[{"taxonomy":"kategorie","embeddable":true,"href":"https:\/\/xpandai.one\/fr\/wp-json\/wp\/v2\/kategorie?post=3464"}],"curies":[{"name":"wp","href":"https:\/\/api.w.org\/{rel}","templated":true}]}}