{"id":2185,"date":"2024-03-27T11:26:00","date_gmt":"2024-03-27T10:26:00","guid":{"rendered":"http:\/\/xpandai.one\/xpand-ai-and-azure-es\/"},"modified":"2024-05-15T08:46:17","modified_gmt":"2024-05-15T06:46:17","slug":"proteccion-de-datos","status":"publish","type":"page","link":"https:\/\/xpandai.one\/es\/proteccion-de-datos\/","title":{"rendered":"xpandAI: Cumplimiento de la protecci\u00f3n de datos"},"content":{"rendered":"<div id=\"cs-content\" class=\"cs-content\"><\/div>\n","protected":false},"excerpt":{"rendered":"<p>xpandAI: Cumplimiento de la protecci\u00f3n de datos En colaboraci\u00f3n con nuestros socios, hemos desarrollado xpandAI, una plataforma que proporciona acceso a modelos de IA avanzados como GPT-4o, cumpliendo con las regulaciones de protecci\u00f3n de datos del GDPR. La siguiente informaci\u00f3n sobre protecci\u00f3n de datos est\u00e1 actualizada al 15 de mayo de 2024. \u00bfC\u00f3mo garantiza xpandAI la protecci\u00f3n de datos al&hellip;<\/p>\n","protected":false},"author":2,"featured_media":0,"parent":0,"menu_order":0,"comment_status":"closed","ping_status":"closed","template":"template-blank-4.php","meta":{"_acf_changed":false,"inline_featured_image":false,"_glsr_average":0,"_glsr_ranking":0,"_glsr_reviews":0,"footnotes":""},"kategorie":[],"class_list":["post-2185","page","type-page","status-publish","hentry","no-post-thumbnail"],"acf":[],"yoast_head":"<!-- This site is optimized with the Yoast SEO plugin v27.5 - https:\/\/yoast.com\/product\/yoast-seo-wordpress\/ -->\n<title>xpandAI: Cumplimiento de la protecci\u00f3n de datos | xpandAI<\/title>\n<meta name=\"robots\" content=\"index, follow, max-snippet:-1, max-image-preview:large, max-video-preview:-1\" \/>\n<link rel=\"canonical\" href=\"https:\/\/xpandai.one\/es\/proteccion-de-datos\/\" \/>\n<meta property=\"og:locale\" content=\"es_ES\" \/>\n<meta property=\"og:type\" content=\"article\" \/>\n<meta property=\"og:title\" content=\"xpandAI: Cumplimiento de la protecci\u00f3n de datos | xpandAI\" \/>\n<meta property=\"og:description\" content=\"xpandAI: Cumplimiento de la protecci\u00f3n de datos En colaboraci\u00f3n con nuestros socios, hemos desarrollado xpandAI, una plataforma que proporciona acceso a modelos de IA avanzados como GPT-4o, cumpliendo con las regulaciones de protecci\u00f3n de datos del GDPR. La siguiente informaci\u00f3n sobre protecci\u00f3n de datos est\u00e1 actualizada al 15 de mayo de 2024. \u00bfC\u00f3mo garantiza xpandAI la protecci\u00f3n de datos al&hellip;\" \/>\n<meta property=\"og:url\" content=\"https:\/\/xpandai.one\/es\/proteccion-de-datos\/\" \/>\n<meta property=\"og:site_name\" content=\"xpandAI\" \/>\n<meta property=\"article:modified_time\" content=\"2024-05-15T06:46:17+00:00\" \/>\n<meta name=\"twitter:card\" content=\"summary_large_image\" \/>\n<script type=\"application\/ld+json\" class=\"yoast-schema-graph\">{\"@context\":\"https:\\\/\\\/schema.org\",\"@graph\":[{\"@type\":\"WebPage\",\"@id\":\"https:\\\/\\\/xpandai.one\\\/es\\\/proteccion-de-datos\\\/\",\"url\":\"https:\\\/\\\/xpandai.one\\\/es\\\/proteccion-de-datos\\\/\",\"name\":\"xpandAI: Cumplimiento de la protecci\u00f3n de datos | xpandAI\",\"isPartOf\":{\"@id\":\"https:\\\/\\\/xpandai.one\\\/es\\\/#website\"},\"datePublished\":\"2024-03-27T10:26:00+00:00\",\"dateModified\":\"2024-05-15T06:46:17+00:00\",\"breadcrumb\":{\"@id\":\"https:\\\/\\\/xpandai.one\\\/es\\\/proteccion-de-datos\\\/#breadcrumb\"},\"inLanguage\":\"es\",\"potentialAction\":[{\"@type\":\"ReadAction\",\"target\":[\"https:\\\/\\\/xpandai.one\\\/es\\\/proteccion-de-datos\\\/\"]}]},{\"@type\":\"BreadcrumbList\",\"@id\":\"https:\\\/\\\/xpandai.one\\\/es\\\/proteccion-de-datos\\\/#breadcrumb\",\"itemListElement\":[{\"@type\":\"ListItem\",\"position\":1,\"name\":\"Startseite\",\"item\":\"https:\\\/\\\/xpandai.one\\\/es\\\/es-start\\\/\"},{\"@type\":\"ListItem\",\"position\":2,\"name\":\"xpandAI: Cumplimiento de la protecci\u00f3n de datos\"}]},{\"@type\":\"WebSite\",\"@id\":\"https:\\\/\\\/xpandai.one\\\/es\\\/#website\",\"url\":\"https:\\\/\\\/xpandai.one\\\/es\\\/\",\"name\":\"xpandAI\",\"description\":\"\",\"potentialAction\":[{\"@type\":\"SearchAction\",\"target\":{\"@type\":\"EntryPoint\",\"urlTemplate\":\"https:\\\/\\\/xpandai.one\\\/es\\\/?s={search_term_string}\"},\"query-input\":{\"@type\":\"PropertyValueSpecification\",\"valueRequired\":true,\"valueName\":\"search_term_string\"}}],\"inLanguage\":\"es\"}]}<\/script>\n<!-- \/ Yoast SEO plugin. -->","yoast_head_json":{"title":"xpandAI: Cumplimiento de la protecci\u00f3n de datos | xpandAI","robots":{"index":"index","follow":"follow","max-snippet":"max-snippet:-1","max-image-preview":"max-image-preview:large","max-video-preview":"max-video-preview:-1"},"canonical":"https:\/\/xpandai.one\/es\/proteccion-de-datos\/","og_locale":"es_ES","og_type":"article","og_title":"xpandAI: Cumplimiento de la protecci\u00f3n de datos | xpandAI","og_description":"xpandAI: Cumplimiento de la protecci\u00f3n de datos En colaboraci\u00f3n con nuestros socios, hemos desarrollado xpandAI, una plataforma que proporciona acceso a modelos de IA avanzados como GPT-4o, cumpliendo con las regulaciones de protecci\u00f3n de datos del GDPR. La siguiente informaci\u00f3n sobre protecci\u00f3n de datos est\u00e1 actualizada al 15 de mayo de 2024. \u00bfC\u00f3mo garantiza xpandAI la protecci\u00f3n de datos al&hellip;","og_url":"https:\/\/xpandai.one\/es\/proteccion-de-datos\/","og_site_name":"xpandAI","article_modified_time":"2024-05-15T06:46:17+00:00","twitter_card":"summary_large_image","schema":{"@context":"https:\/\/schema.org","@graph":[{"@type":"WebPage","@id":"https:\/\/xpandai.one\/es\/proteccion-de-datos\/","url":"https:\/\/xpandai.one\/es\/proteccion-de-datos\/","name":"xpandAI: Cumplimiento de la protecci\u00f3n de datos | xpandAI","isPartOf":{"@id":"https:\/\/xpandai.one\/es\/#website"},"datePublished":"2024-03-27T10:26:00+00:00","dateModified":"2024-05-15T06:46:17+00:00","breadcrumb":{"@id":"https:\/\/xpandai.one\/es\/proteccion-de-datos\/#breadcrumb"},"inLanguage":"es","potentialAction":[{"@type":"ReadAction","target":["https:\/\/xpandai.one\/es\/proteccion-de-datos\/"]}]},{"@type":"BreadcrumbList","@id":"https:\/\/xpandai.one\/es\/proteccion-de-datos\/#breadcrumb","itemListElement":[{"@type":"ListItem","position":1,"name":"Startseite","item":"https:\/\/xpandai.one\/es\/es-start\/"},{"@type":"ListItem","position":2,"name":"xpandAI: Cumplimiento de la protecci\u00f3n de datos"}]},{"@type":"WebSite","@id":"https:\/\/xpandai.one\/es\/#website","url":"https:\/\/xpandai.one\/es\/","name":"xpandAI","description":"","potentialAction":[{"@type":"SearchAction","target":{"@type":"EntryPoint","urlTemplate":"https:\/\/xpandai.one\/es\/?s={search_term_string}"},"query-input":{"@type":"PropertyValueSpecification","valueRequired":true,"valueName":"search_term_string"}}],"inLanguage":"es"}]}},"_links":{"self":[{"href":"https:\/\/xpandai.one\/es\/wp-json\/wp\/v2\/pages\/2185","targetHints":{"allow":["GET"]}}],"collection":[{"href":"https:\/\/xpandai.one\/es\/wp-json\/wp\/v2\/pages"}],"about":[{"href":"https:\/\/xpandai.one\/es\/wp-json\/wp\/v2\/types\/page"}],"author":[{"embeddable":true,"href":"https:\/\/xpandai.one\/es\/wp-json\/wp\/v2\/users\/2"}],"replies":[{"embeddable":true,"href":"https:\/\/xpandai.one\/es\/wp-json\/wp\/v2\/comments?post=2185"}],"version-history":[{"count":4,"href":"https:\/\/xpandai.one\/es\/wp-json\/wp\/v2\/pages\/2185\/revisions"}],"predecessor-version":[{"id":2191,"href":"https:\/\/xpandai.one\/es\/wp-json\/wp\/v2\/pages\/2185\/revisions\/2191"}],"wp:attachment":[{"href":"https:\/\/xpandai.one\/es\/wp-json\/wp\/v2\/media?parent=2185"}],"wp:term":[{"taxonomy":"kategorie","embeddable":true,"href":"https:\/\/xpandai.one\/es\/wp-json\/wp\/v2\/kategorie?post=2185"}],"curies":[{"name":"wp","href":"https:\/\/api.w.org\/{rel}","templated":true}]}}