{"id":2009,"date":"2024-03-22T15:53:16","date_gmt":"2024-03-22T14:53:16","guid":{"rendered":"http:\/\/xpandai.one\/top100\/"},"modified":"2024-03-22T16:06:59","modified_gmt":"2024-03-22T15:06:59","slug":"top100","status":"publish","type":"page","link":"https:\/\/xpandai.one\/es\/top100\/","title":{"rendered":"Top100"},"content":{"rendered":"<div id=\"cs-content\" class=\"cs-content\"><\/div>\n","protected":false},"excerpt":{"rendered":"<p>Top100 \\n\u00bb\\nEn el caso de las preguntas de elecci\u00f3n m\u00faltiple, elija una sola opci\u00f3n. Cada pregunta tiene una respuesta \u00fanica, as\u00ed que analice detenidamente la informaci\u00f3n facilitada para determinar la respuesta m\u00e1s precisa y adecuada. Si te conviene, presenta s\u00f3lo una soluci\u00f3n si tienes varias opciones.\u00bb temperature=\u00bb0.1&#8243; context_max_length=\u00bb200000&#8243;]Feedback and Ideas Your feedback and ideas are important to us! Do you&hellip;<\/p>\n","protected":false},"author":2,"featured_media":0,"parent":0,"menu_order":0,"comment_status":"closed","ping_status":"closed","template":"template-blank-4.php","meta":{"_acf_changed":false,"inline_featured_image":false,"_glsr_average":0,"_glsr_ranking":0,"_glsr_reviews":0,"footnotes":""},"kategorie":[],"class_list":["post-2009","page","type-page","status-publish","hentry","no-post-thumbnail"],"acf":[],"yoast_head":"<!-- This site is optimized with the Yoast SEO plugin v27.5 - https:\/\/yoast.com\/product\/yoast-seo-wordpress\/ -->\n<title>Top100 | xpandAI<\/title>\n<meta name=\"robots\" content=\"index, follow, max-snippet:-1, max-image-preview:large, max-video-preview:-1\" \/>\n<link rel=\"canonical\" href=\"https:\/\/xpandai.one\/es\/top100\/\" \/>\n<meta property=\"og:locale\" content=\"es_ES\" \/>\n<meta property=\"og:type\" content=\"article\" \/>\n<meta property=\"og:title\" content=\"Top100 | xpandAI\" \/>\n<meta property=\"og:description\" content=\"Top100 n&#039;&#039;nEn el caso de las preguntas de elecci\u00f3n m\u00faltiple, elija una sola opci\u00f3n. Cada pregunta tiene una respuesta \u00fanica, as\u00ed que analice detenidamente la informaci\u00f3n facilitada para determinar la respuesta m\u00e1s precisa y adecuada. Si te conviene, presenta s\u00f3lo una soluci\u00f3n si tienes varias opciones.&quot; temperature=&quot;0.1&quot; context_max_length=&quot;200000&quot;]Feedback and Ideas Your feedback and ideas are important to us! Do you&hellip;\" \/>\n<meta property=\"og:url\" content=\"https:\/\/xpandai.one\/es\/top100\/\" \/>\n<meta property=\"og:site_name\" content=\"xpandAI\" \/>\n<meta property=\"article:modified_time\" content=\"2024-03-22T15:06:59+00:00\" \/>\n<meta name=\"twitter:card\" content=\"summary_large_image\" \/>\n<meta name=\"twitter:label1\" content=\"Tiempo de lectura\" \/>\n\t<meta name=\"twitter:data1\" content=\"4 minutos\" \/>\n<script type=\"application\/ld+json\" class=\"yoast-schema-graph\">{\"@context\":\"https:\\\/\\\/schema.org\",\"@graph\":[{\"@type\":\"WebPage\",\"@id\":\"https:\\\/\\\/xpandai.one\\\/es\\\/top100\\\/\",\"url\":\"https:\\\/\\\/xpandai.one\\\/es\\\/top100\\\/\",\"name\":\"Top100 | xpandAI\",\"isPartOf\":{\"@id\":\"https:\\\/\\\/xpandai.one\\\/es\\\/#website\"},\"datePublished\":\"2024-03-22T14:53:16+00:00\",\"dateModified\":\"2024-03-22T15:06:59+00:00\",\"breadcrumb\":{\"@id\":\"https:\\\/\\\/xpandai.one\\\/es\\\/top100\\\/#breadcrumb\"},\"inLanguage\":\"es\",\"potentialAction\":[{\"@type\":\"ReadAction\",\"target\":[\"https:\\\/\\\/xpandai.one\\\/es\\\/top100\\\/\"]}]},{\"@type\":\"BreadcrumbList\",\"@id\":\"https:\\\/\\\/xpandai.one\\\/es\\\/top100\\\/#breadcrumb\",\"itemListElement\":[{\"@type\":\"ListItem\",\"position\":1,\"name\":\"Startseite\",\"item\":\"https:\\\/\\\/xpandai.one\\\/es\\\/es-start\\\/\"},{\"@type\":\"ListItem\",\"position\":2,\"name\":\"Top100\"}]},{\"@type\":\"WebSite\",\"@id\":\"https:\\\/\\\/xpandai.one\\\/es\\\/#website\",\"url\":\"https:\\\/\\\/xpandai.one\\\/es\\\/\",\"name\":\"xpandAI\",\"description\":\"\",\"potentialAction\":[{\"@type\":\"SearchAction\",\"target\":{\"@type\":\"EntryPoint\",\"urlTemplate\":\"https:\\\/\\\/xpandai.one\\\/es\\\/?s={search_term_string}\"},\"query-input\":{\"@type\":\"PropertyValueSpecification\",\"valueRequired\":true,\"valueName\":\"search_term_string\"}}],\"inLanguage\":\"es\"}]}<\/script>\n<!-- \/ Yoast SEO plugin. -->","yoast_head_json":{"title":"Top100 | xpandAI","robots":{"index":"index","follow":"follow","max-snippet":"max-snippet:-1","max-image-preview":"max-image-preview:large","max-video-preview":"max-video-preview:-1"},"canonical":"https:\/\/xpandai.one\/es\/top100\/","og_locale":"es_ES","og_type":"article","og_title":"Top100 | xpandAI","og_description":"Top100 n''nEn el caso de las preguntas de elecci\u00f3n m\u00faltiple, elija una sola opci\u00f3n. Cada pregunta tiene una respuesta \u00fanica, as\u00ed que analice detenidamente la informaci\u00f3n facilitada para determinar la respuesta m\u00e1s precisa y adecuada. Si te conviene, presenta s\u00f3lo una soluci\u00f3n si tienes varias opciones.\" temperature=\"0.1\" context_max_length=\"200000\"]Feedback and Ideas Your feedback and ideas are important to us! Do you&hellip;","og_url":"https:\/\/xpandai.one\/es\/top100\/","og_site_name":"xpandAI","article_modified_time":"2024-03-22T15:06:59+00:00","twitter_card":"summary_large_image","twitter_misc":{"Tiempo de lectura":"4 minutos"},"schema":{"@context":"https:\/\/schema.org","@graph":[{"@type":"WebPage","@id":"https:\/\/xpandai.one\/es\/top100\/","url":"https:\/\/xpandai.one\/es\/top100\/","name":"Top100 | xpandAI","isPartOf":{"@id":"https:\/\/xpandai.one\/es\/#website"},"datePublished":"2024-03-22T14:53:16+00:00","dateModified":"2024-03-22T15:06:59+00:00","breadcrumb":{"@id":"https:\/\/xpandai.one\/es\/top100\/#breadcrumb"},"inLanguage":"es","potentialAction":[{"@type":"ReadAction","target":["https:\/\/xpandai.one\/es\/top100\/"]}]},{"@type":"BreadcrumbList","@id":"https:\/\/xpandai.one\/es\/top100\/#breadcrumb","itemListElement":[{"@type":"ListItem","position":1,"name":"Startseite","item":"https:\/\/xpandai.one\/es\/es-start\/"},{"@type":"ListItem","position":2,"name":"Top100"}]},{"@type":"WebSite","@id":"https:\/\/xpandai.one\/es\/#website","url":"https:\/\/xpandai.one\/es\/","name":"xpandAI","description":"","potentialAction":[{"@type":"SearchAction","target":{"@type":"EntryPoint","urlTemplate":"https:\/\/xpandai.one\/es\/?s={search_term_string}"},"query-input":{"@type":"PropertyValueSpecification","valueRequired":true,"valueName":"search_term_string"}}],"inLanguage":"es"}]}},"_links":{"self":[{"href":"https:\/\/xpandai.one\/es\/wp-json\/wp\/v2\/pages\/2009","targetHints":{"allow":["GET"]}}],"collection":[{"href":"https:\/\/xpandai.one\/es\/wp-json\/wp\/v2\/pages"}],"about":[{"href":"https:\/\/xpandai.one\/es\/wp-json\/wp\/v2\/types\/page"}],"author":[{"embeddable":true,"href":"https:\/\/xpandai.one\/es\/wp-json\/wp\/v2\/users\/2"}],"replies":[{"embeddable":true,"href":"https:\/\/xpandai.one\/es\/wp-json\/wp\/v2\/comments?post=2009"}],"version-history":[{"count":7,"href":"https:\/\/xpandai.one\/es\/wp-json\/wp\/v2\/pages\/2009\/revisions"}],"predecessor-version":[{"id":2026,"href":"https:\/\/xpandai.one\/es\/wp-json\/wp\/v2\/pages\/2009\/revisions\/2026"}],"wp:attachment":[{"href":"https:\/\/xpandai.one\/es\/wp-json\/wp\/v2\/media?parent=2009"}],"wp:term":[{"taxonomy":"kategorie","embeddable":true,"href":"https:\/\/xpandai.one\/es\/wp-json\/wp\/v2\/kategorie?post=2009"}],"curies":[{"name":"wp","href":"https:\/\/api.w.org\/{rel}","templated":true}]}}