{"id":1565,"date":"2024-03-11T16:25:06","date_gmt":"2024-03-11T15:25:06","guid":{"rendered":"http:\/\/xpandai.one\/pastoral-ai\/"},"modified":"2024-07-28T17:16:55","modified_gmt":"2024-07-28T15:16:55","slug":"iapastoral","status":"publish","type":"page","link":"https:\/\/xpandai.one\/es\/iapastoral\/","title":{"rendered":"IA Pastoral"},"content":{"rendered":"<div id=\"cs-content\" class=\"cs-content\"><\/div>\n","protected":false},"excerpt":{"rendered":"<p>IA Pastoral \u00bfLe gustar\u00eda utilizar Pastoral AI sin restricciones? Reg\u00edstrese aqu\u00ed y pruebe gratuitamente la versi\u00f3n completa durante 2 meses: Reg\u00edstrate&#8230;<\/p>\n","protected":false},"author":2,"featured_media":0,"parent":0,"menu_order":0,"comment_status":"closed","ping_status":"closed","template":"template-blank-4.php","meta":{"_acf_changed":false,"inline_featured_image":false,"_glsr_average":0,"_glsr_ranking":0,"_glsr_reviews":0,"footnotes":""},"kategorie":[],"class_list":["post-1565","page","type-page","status-publish","hentry","no-post-thumbnail"],"acf":[],"yoast_head":"<!-- This site is optimized with the Yoast SEO plugin v27.4 - https:\/\/yoast.com\/product\/yoast-seo-wordpress\/ -->\n<title>IA Pastoral | xpandAI<\/title>\n<meta name=\"description\" content=\"Descubra IA para pastores: Como expertos para estudiar la Biblia, escribir sermones, asesorar o descubrir interesantes descubrimientos cient\u00edficos que apoyan las ideas b\u00edblicas.\" \/>\n<meta name=\"robots\" content=\"index, follow, max-snippet:-1, max-image-preview:large, max-video-preview:-1\" \/>\n<link rel=\"canonical\" href=\"https:\/\/xpandai.one\/es\/iapastoral\/\" \/>\n<meta property=\"og:locale\" content=\"es_ES\" \/>\n<meta property=\"og:type\" content=\"article\" \/>\n<meta property=\"og:title\" content=\"IA Pastoral\" \/>\n<meta property=\"og:description\" content=\"Descubra IA para pastores: Como expertos para estudiar la Biblia, escribir sermones, asesorar o descubrir interesantes descubrimientos cient\u00edficos que apoyan las ideas b\u00edblicas.\" \/>\n<meta property=\"og:url\" content=\"https:\/\/xpandai.one\/es\/iapastoral\/\" \/>\n<meta property=\"og:site_name\" content=\"xpandAI\" \/>\n<meta property=\"article:modified_time\" content=\"2024-07-28T15:16:55+00:00\" \/>\n<meta property=\"og:image\" content=\"https:\/\/xpandai.one\/wp-content\/uploads\/2024\/03\/dubisterfolgreicheingeloggt.jpg\" \/>\n\t<meta property=\"og:image:width\" content=\"1792\" \/>\n\t<meta property=\"og:image:height\" content=\"800\" \/>\n\t<meta property=\"og:image:type\" content=\"image\/jpeg\" \/>\n<meta name=\"twitter:card\" content=\"summary_large_image\" \/>\n<meta name=\"twitter:title\" content=\"IA Pastoral\" \/>\n<meta name=\"twitter:description\" content=\"Descubra IA para pastores: Como expertos para estudiar la Biblia, escribir sermones, asesorar o descubrir interesantes descubrimientos cient\u00edficos que apoyan las ideas b\u00edblicas.\" \/>\n<meta name=\"twitter:image\" content=\"https:\/\/xpandai.one\/wp-content\/uploads\/2024\/03\/dubisterfolgreicheingeloggt.jpg\" \/>\n<meta name=\"twitter:label1\" content=\"Tiempo de lectura\" \/>\n\t<meta name=\"twitter:data1\" content=\"1 minuto\" \/>\n<script type=\"application\/ld+json\" class=\"yoast-schema-graph\">{\"@context\":\"https:\\\/\\\/schema.org\",\"@graph\":[{\"@type\":\"WebPage\",\"@id\":\"https:\\\/\\\/xpandai.one\\\/es\\\/iapastoral\\\/\",\"url\":\"https:\\\/\\\/xpandai.one\\\/es\\\/iapastoral\\\/\",\"name\":\"IA Pastoral | xpandAI\",\"isPartOf\":{\"@id\":\"https:\\\/\\\/xpandai.one\\\/es\\\/#website\"},\"datePublished\":\"2024-03-11T15:25:06+00:00\",\"dateModified\":\"2024-07-28T15:16:55+00:00\",\"description\":\"Descubra IA para pastores: Como expertos para estudiar la Biblia, escribir sermones, asesorar o descubrir interesantes descubrimientos cient\u00edficos que apoyan las ideas b\u00edblicas.\",\"breadcrumb\":{\"@id\":\"https:\\\/\\\/xpandai.one\\\/es\\\/iapastoral\\\/#breadcrumb\"},\"inLanguage\":\"es\",\"potentialAction\":[{\"@type\":\"ReadAction\",\"target\":[\"https:\\\/\\\/xpandai.one\\\/es\\\/iapastoral\\\/\"]}]},{\"@type\":\"BreadcrumbList\",\"@id\":\"https:\\\/\\\/xpandai.one\\\/es\\\/iapastoral\\\/#breadcrumb\",\"itemListElement\":[{\"@type\":\"ListItem\",\"position\":1,\"name\":\"Startseite\",\"item\":\"https:\\\/\\\/xpandai.one\\\/es\\\/es-start\\\/\"},{\"@type\":\"ListItem\",\"position\":2,\"name\":\"IA Pastoral\"}]},{\"@type\":\"WebSite\",\"@id\":\"https:\\\/\\\/xpandai.one\\\/es\\\/#website\",\"url\":\"https:\\\/\\\/xpandai.one\\\/es\\\/\",\"name\":\"xpandAI\",\"description\":\"\",\"potentialAction\":[{\"@type\":\"SearchAction\",\"target\":{\"@type\":\"EntryPoint\",\"urlTemplate\":\"https:\\\/\\\/xpandai.one\\\/es\\\/?s={search_term_string}\"},\"query-input\":{\"@type\":\"PropertyValueSpecification\",\"valueRequired\":true,\"valueName\":\"search_term_string\"}}],\"inLanguage\":\"es\"}]}<\/script>\n<!-- \/ Yoast SEO plugin. -->","yoast_head_json":{"title":"IA Pastoral | xpandAI","description":"Descubra IA para pastores: Como expertos para estudiar la Biblia, escribir sermones, asesorar o descubrir interesantes descubrimientos cient\u00edficos que apoyan las ideas b\u00edblicas.","robots":{"index":"index","follow":"follow","max-snippet":"max-snippet:-1","max-image-preview":"max-image-preview:large","max-video-preview":"max-video-preview:-1"},"canonical":"https:\/\/xpandai.one\/es\/iapastoral\/","og_locale":"es_ES","og_type":"article","og_title":"IA Pastoral","og_description":"Descubra IA para pastores: Como expertos para estudiar la Biblia, escribir sermones, asesorar o descubrir interesantes descubrimientos cient\u00edficos que apoyan las ideas b\u00edblicas.","og_url":"https:\/\/xpandai.one\/es\/iapastoral\/","og_site_name":"xpandAI","article_modified_time":"2024-07-28T15:16:55+00:00","og_image":[{"width":1792,"height":800,"url":"https:\/\/xpandai.one\/wp-content\/uploads\/2024\/03\/dubisterfolgreicheingeloggt.jpg","type":"image\/jpeg"}],"twitter_card":"summary_large_image","twitter_title":"IA Pastoral","twitter_description":"Descubra IA para pastores: Como expertos para estudiar la Biblia, escribir sermones, asesorar o descubrir interesantes descubrimientos cient\u00edficos que apoyan las ideas b\u00edblicas.","twitter_image":"https:\/\/xpandai.one\/wp-content\/uploads\/2024\/03\/dubisterfolgreicheingeloggt.jpg","twitter_misc":{"Tiempo de lectura":"1 minuto"},"schema":{"@context":"https:\/\/schema.org","@graph":[{"@type":"WebPage","@id":"https:\/\/xpandai.one\/es\/iapastoral\/","url":"https:\/\/xpandai.one\/es\/iapastoral\/","name":"IA Pastoral | xpandAI","isPartOf":{"@id":"https:\/\/xpandai.one\/es\/#website"},"datePublished":"2024-03-11T15:25:06+00:00","dateModified":"2024-07-28T15:16:55+00:00","description":"Descubra IA para pastores: Como expertos para estudiar la Biblia, escribir sermones, asesorar o descubrir interesantes descubrimientos cient\u00edficos que apoyan las ideas b\u00edblicas.","breadcrumb":{"@id":"https:\/\/xpandai.one\/es\/iapastoral\/#breadcrumb"},"inLanguage":"es","potentialAction":[{"@type":"ReadAction","target":["https:\/\/xpandai.one\/es\/iapastoral\/"]}]},{"@type":"BreadcrumbList","@id":"https:\/\/xpandai.one\/es\/iapastoral\/#breadcrumb","itemListElement":[{"@type":"ListItem","position":1,"name":"Startseite","item":"https:\/\/xpandai.one\/es\/es-start\/"},{"@type":"ListItem","position":2,"name":"IA Pastoral"}]},{"@type":"WebSite","@id":"https:\/\/xpandai.one\/es\/#website","url":"https:\/\/xpandai.one\/es\/","name":"xpandAI","description":"","potentialAction":[{"@type":"SearchAction","target":{"@type":"EntryPoint","urlTemplate":"https:\/\/xpandai.one\/es\/?s={search_term_string}"},"query-input":{"@type":"PropertyValueSpecification","valueRequired":true,"valueName":"search_term_string"}}],"inLanguage":"es"}]}},"_links":{"self":[{"href":"https:\/\/xpandai.one\/es\/wp-json\/wp\/v2\/pages\/1565","targetHints":{"allow":["GET"]}}],"collection":[{"href":"https:\/\/xpandai.one\/es\/wp-json\/wp\/v2\/pages"}],"about":[{"href":"https:\/\/xpandai.one\/es\/wp-json\/wp\/v2\/types\/page"}],"author":[{"embeddable":true,"href":"https:\/\/xpandai.one\/es\/wp-json\/wp\/v2\/users\/2"}],"replies":[{"embeddable":true,"href":"https:\/\/xpandai.one\/es\/wp-json\/wp\/v2\/comments?post=1565"}],"version-history":[{"count":16,"href":"https:\/\/xpandai.one\/es\/wp-json\/wp\/v2\/pages\/1565\/revisions"}],"predecessor-version":[{"id":3422,"href":"https:\/\/xpandai.one\/es\/wp-json\/wp\/v2\/pages\/1565\/revisions\/3422"}],"wp:attachment":[{"href":"https:\/\/xpandai.one\/es\/wp-json\/wp\/v2\/media?parent=1565"}],"wp:term":[{"taxonomy":"kategorie","embeddable":true,"href":"https:\/\/xpandai.one\/es\/wp-json\/wp\/v2\/kategorie?post=1565"}],"curies":[{"name":"wp","href":"https:\/\/api.w.org\/{rel}","templated":true}]}}