{"id":1270,"date":"2024-01-18T12:26:02","date_gmt":"2024-01-18T11:26:02","guid":{"rendered":"http:\/\/xpandai.one\/dashboard-en-es\/"},"modified":"2024-03-11T13:16:51","modified_gmt":"2024-03-11T12:16:51","slug":"inicioes","status":"publish","type":"page","link":"https:\/\/xpandai.one\/es\/inicioes\/","title":{"rendered":"Inicio"},"content":{"rendered":"<div id=\"cs-content\" class=\"cs-content\"><\/div>\n","protected":false},"excerpt":{"rendered":"<p>Hola Nombre de usuario: Direcci\u00f3n de correo electr\u00f3nico: Editar cuenta PhoneEste campo es un campo de validaci\u00f3n y debe quedar sin cambios.Name First name Surname E-Mail Enter E-Mail Confirm E-Mail Password Enter password Confirm password<\/p>\n","protected":false},"author":62,"featured_media":0,"parent":0,"menu_order":0,"comment_status":"closed","ping_status":"closed","template":"template-blank-4.php","meta":{"_acf_changed":false,"inline_featured_image":false,"_glsr_average":0,"_glsr_ranking":0,"_glsr_reviews":0,"footnotes":""},"kategorie":[],"class_list":["post-1270","page","type-page","status-publish","hentry","no-post-thumbnail"],"acf":[],"yoast_head":"<!-- This site is optimized with the Yoast SEO plugin v27.4 - https:\/\/yoast.com\/product\/yoast-seo-wordpress\/ -->\n<title>Inicio | xpandAI<\/title>\n<meta name=\"robots\" content=\"index, follow, max-snippet:-1, max-image-preview:large, max-video-preview:-1\" \/>\n<link rel=\"canonical\" href=\"https:\/\/xpandai.one\/es\/inicioes\/\" \/>\n<meta property=\"og:locale\" content=\"es_ES\" \/>\n<meta property=\"og:type\" content=\"article\" \/>\n<meta property=\"og:title\" content=\"Inicio | xpandAI\" \/>\n<meta property=\"og:description\" content=\"Hola Nombre de usuario: Direcci\u00f3n de correo electr\u00f3nico: Editar cuenta PhoneEste campo es un campo de validaci\u00f3n y debe quedar sin cambios.Name First name Surname E-Mail Enter E-Mail Confirm E-Mail Password Enter password Confirm password\" \/>\n<meta property=\"og:url\" content=\"https:\/\/xpandai.one\/es\/inicioes\/\" \/>\n<meta property=\"og:site_name\" content=\"xpandAI\" \/>\n<meta property=\"article:modified_time\" content=\"2024-03-11T12:16:51+00:00\" \/>\n<meta name=\"twitter:card\" content=\"summary_large_image\" \/>\n<script type=\"application\/ld+json\" class=\"yoast-schema-graph\">{\"@context\":\"https:\\\/\\\/schema.org\",\"@graph\":[{\"@type\":\"WebPage\",\"@id\":\"https:\\\/\\\/xpandai.one\\\/es\\\/inicioes\\\/\",\"url\":\"https:\\\/\\\/xpandai.one\\\/es\\\/inicioes\\\/\",\"name\":\"Inicio | xpandAI\",\"isPartOf\":{\"@id\":\"https:\\\/\\\/xpandai.one\\\/es\\\/#website\"},\"datePublished\":\"2024-01-18T11:26:02+00:00\",\"dateModified\":\"2024-03-11T12:16:51+00:00\",\"breadcrumb\":{\"@id\":\"https:\\\/\\\/xpandai.one\\\/es\\\/inicioes\\\/#breadcrumb\"},\"inLanguage\":\"es\",\"potentialAction\":[{\"@type\":\"ReadAction\",\"target\":[\"https:\\\/\\\/xpandai.one\\\/es\\\/inicioes\\\/\"]}]},{\"@type\":\"BreadcrumbList\",\"@id\":\"https:\\\/\\\/xpandai.one\\\/es\\\/inicioes\\\/#breadcrumb\",\"itemListElement\":[{\"@type\":\"ListItem\",\"position\":1,\"name\":\"Startseite\",\"item\":\"https:\\\/\\\/xpandai.one\\\/es\\\/es-start\\\/\"},{\"@type\":\"ListItem\",\"position\":2,\"name\":\"Inicio\"}]},{\"@type\":\"WebSite\",\"@id\":\"https:\\\/\\\/xpandai.one\\\/es\\\/#website\",\"url\":\"https:\\\/\\\/xpandai.one\\\/es\\\/\",\"name\":\"xpandAI\",\"description\":\"\",\"potentialAction\":[{\"@type\":\"SearchAction\",\"target\":{\"@type\":\"EntryPoint\",\"urlTemplate\":\"https:\\\/\\\/xpandai.one\\\/es\\\/?s={search_term_string}\"},\"query-input\":{\"@type\":\"PropertyValueSpecification\",\"valueRequired\":true,\"valueName\":\"search_term_string\"}}],\"inLanguage\":\"es\"}]}<\/script>\n<!-- \/ Yoast SEO plugin. -->","yoast_head_json":{"title":"Inicio | xpandAI","robots":{"index":"index","follow":"follow","max-snippet":"max-snippet:-1","max-image-preview":"max-image-preview:large","max-video-preview":"max-video-preview:-1"},"canonical":"https:\/\/xpandai.one\/es\/inicioes\/","og_locale":"es_ES","og_type":"article","og_title":"Inicio | xpandAI","og_description":"Hola Nombre de usuario: Direcci\u00f3n de correo electr\u00f3nico: Editar cuenta PhoneEste campo es un campo de validaci\u00f3n y debe quedar sin cambios.Name First name Surname E-Mail Enter E-Mail Confirm E-Mail Password Enter password Confirm password","og_url":"https:\/\/xpandai.one\/es\/inicioes\/","og_site_name":"xpandAI","article_modified_time":"2024-03-11T12:16:51+00:00","twitter_card":"summary_large_image","schema":{"@context":"https:\/\/schema.org","@graph":[{"@type":"WebPage","@id":"https:\/\/xpandai.one\/es\/inicioes\/","url":"https:\/\/xpandai.one\/es\/inicioes\/","name":"Inicio | xpandAI","isPartOf":{"@id":"https:\/\/xpandai.one\/es\/#website"},"datePublished":"2024-01-18T11:26:02+00:00","dateModified":"2024-03-11T12:16:51+00:00","breadcrumb":{"@id":"https:\/\/xpandai.one\/es\/inicioes\/#breadcrumb"},"inLanguage":"es","potentialAction":[{"@type":"ReadAction","target":["https:\/\/xpandai.one\/es\/inicioes\/"]}]},{"@type":"BreadcrumbList","@id":"https:\/\/xpandai.one\/es\/inicioes\/#breadcrumb","itemListElement":[{"@type":"ListItem","position":1,"name":"Startseite","item":"https:\/\/xpandai.one\/es\/es-start\/"},{"@type":"ListItem","position":2,"name":"Inicio"}]},{"@type":"WebSite","@id":"https:\/\/xpandai.one\/es\/#website","url":"https:\/\/xpandai.one\/es\/","name":"xpandAI","description":"","potentialAction":[{"@type":"SearchAction","target":{"@type":"EntryPoint","urlTemplate":"https:\/\/xpandai.one\/es\/?s={search_term_string}"},"query-input":{"@type":"PropertyValueSpecification","valueRequired":true,"valueName":"search_term_string"}}],"inLanguage":"es"}]}},"_links":{"self":[{"href":"https:\/\/xpandai.one\/es\/wp-json\/wp\/v2\/pages\/1270","targetHints":{"allow":["GET"]}}],"collection":[{"href":"https:\/\/xpandai.one\/es\/wp-json\/wp\/v2\/pages"}],"about":[{"href":"https:\/\/xpandai.one\/es\/wp-json\/wp\/v2\/types\/page"}],"author":[{"embeddable":true,"href":"https:\/\/xpandai.one\/es\/wp-json\/wp\/v2\/users\/62"}],"replies":[{"embeddable":true,"href":"https:\/\/xpandai.one\/es\/wp-json\/wp\/v2\/comments?post=1270"}],"version-history":[{"count":4,"href":"https:\/\/xpandai.one\/es\/wp-json\/wp\/v2\/pages\/1270\/revisions"}],"predecessor-version":[{"id":1466,"href":"https:\/\/xpandai.one\/es\/wp-json\/wp\/v2\/pages\/1270\/revisions\/1466"}],"wp:attachment":[{"href":"https:\/\/xpandai.one\/es\/wp-json\/wp\/v2\/media?parent=1270"}],"wp:term":[{"taxonomy":"kategorie","embeddable":true,"href":"https:\/\/xpandai.one\/es\/wp-json\/wp\/v2\/kategorie?post=1270"}],"curies":[{"name":"wp","href":"https:\/\/api.w.org\/{rel}","templated":true}]}}