{"id":1260,"date":"2024-01-22T21:31:25","date_gmt":"2024-01-22T20:31:25","guid":{"rendered":"http:\/\/xpandai.one\/instructions-effective-use-es\/"},"modified":"2024-03-11T14:33:01","modified_gmt":"2024-03-11T13:33:01","slug":"instrucciones","status":"publish","type":"page","link":"https:\/\/xpandai.one\/es\/instrucciones\/","title":{"rendered":"Instrucciones y uso"},"content":{"rendered":"<div id=\"cs-content\" class=\"cs-content\"><\/div>\n","protected":false},"excerpt":{"rendered":"<p>Instrucciones y uso Versi\u00f3n \u00a021 de enero de 2024\u00a1Bienvenido! Aqu\u00ed encontrar\u00e1s algunas pautas sencillas para optimizar la interacci\u00f3n con nuestras poderosas herramientas GPT. Estos consejos te ayudar\u00e1n a obtener respuestas m\u00e1s claras y dirigidas. 1. Escribe instrucciones claras Nuestros asistentes y GPTs no pueden leer tus pensamientos. Para recibir respuestas \u00fatiles, es importante que formules tus solicitudes de manera clara&hellip;<\/p>\n","protected":false},"author":62,"featured_media":0,"parent":0,"menu_order":0,"comment_status":"closed","ping_status":"closed","template":"template-blank-4.php","meta":{"_acf_changed":false,"inline_featured_image":false,"_glsr_average":0,"_glsr_ranking":0,"_glsr_reviews":0,"footnotes":""},"kategorie":[],"class_list":["post-1260","page","type-page","status-publish","hentry","no-post-thumbnail"],"acf":[],"yoast_head":"<!-- This site is optimized with the Yoast SEO plugin v27.5 - https:\/\/yoast.com\/product\/yoast-seo-wordpress\/ -->\n<title>Instrucciones y uso | xpandAI<\/title>\n<meta name=\"robots\" content=\"index, follow, max-snippet:-1, max-image-preview:large, max-video-preview:-1\" \/>\n<link rel=\"canonical\" href=\"https:\/\/xpandai.one\/es\/instrucciones\/\" \/>\n<meta property=\"og:locale\" content=\"es_ES\" \/>\n<meta property=\"og:type\" content=\"article\" \/>\n<meta property=\"og:title\" content=\"Instrucciones y uso | xpandAI\" \/>\n<meta property=\"og:description\" content=\"Instrucciones y uso Versi\u00f3n \u00a021 de enero de 2024\u00a1Bienvenido! Aqu\u00ed encontrar\u00e1s algunas pautas sencillas para optimizar la interacci\u00f3n con nuestras poderosas herramientas GPT. Estos consejos te ayudar\u00e1n a obtener respuestas m\u00e1s claras y dirigidas. 1. Escribe instrucciones claras Nuestros asistentes y GPTs no pueden leer tus pensamientos. Para recibir respuestas \u00fatiles, es importante que formules tus solicitudes de manera clara&hellip;\" \/>\n<meta property=\"og:url\" content=\"https:\/\/xpandai.one\/es\/instrucciones\/\" \/>\n<meta property=\"og:site_name\" content=\"xpandAI\" \/>\n<meta property=\"article:modified_time\" content=\"2024-03-11T13:33:01+00:00\" \/>\n<meta name=\"twitter:card\" content=\"summary_large_image\" \/>\n<script type=\"application\/ld+json\" class=\"yoast-schema-graph\">{\"@context\":\"https:\\\/\\\/schema.org\",\"@graph\":[{\"@type\":\"WebPage\",\"@id\":\"https:\\\/\\\/xpandai.one\\\/es\\\/instrucciones\\\/\",\"url\":\"https:\\\/\\\/xpandai.one\\\/es\\\/instrucciones\\\/\",\"name\":\"Instrucciones y uso | xpandAI\",\"isPartOf\":{\"@id\":\"https:\\\/\\\/xpandai.one\\\/es\\\/#website\"},\"datePublished\":\"2024-01-22T20:31:25+00:00\",\"dateModified\":\"2024-03-11T13:33:01+00:00\",\"breadcrumb\":{\"@id\":\"https:\\\/\\\/xpandai.one\\\/es\\\/instrucciones\\\/#breadcrumb\"},\"inLanguage\":\"es\",\"potentialAction\":[{\"@type\":\"ReadAction\",\"target\":[\"https:\\\/\\\/xpandai.one\\\/es\\\/instrucciones\\\/\"]}]},{\"@type\":\"BreadcrumbList\",\"@id\":\"https:\\\/\\\/xpandai.one\\\/es\\\/instrucciones\\\/#breadcrumb\",\"itemListElement\":[{\"@type\":\"ListItem\",\"position\":1,\"name\":\"Startseite\",\"item\":\"https:\\\/\\\/xpandai.one\\\/es\\\/es-start\\\/\"},{\"@type\":\"ListItem\",\"position\":2,\"name\":\"Instrucciones y uso\"}]},{\"@type\":\"WebSite\",\"@id\":\"https:\\\/\\\/xpandai.one\\\/es\\\/#website\",\"url\":\"https:\\\/\\\/xpandai.one\\\/es\\\/\",\"name\":\"xpandAI\",\"description\":\"\",\"potentialAction\":[{\"@type\":\"SearchAction\",\"target\":{\"@type\":\"EntryPoint\",\"urlTemplate\":\"https:\\\/\\\/xpandai.one\\\/es\\\/?s={search_term_string}\"},\"query-input\":{\"@type\":\"PropertyValueSpecification\",\"valueRequired\":true,\"valueName\":\"search_term_string\"}}],\"inLanguage\":\"es\"}]}<\/script>\n<!-- \/ Yoast SEO plugin. -->","yoast_head_json":{"title":"Instrucciones y uso | xpandAI","robots":{"index":"index","follow":"follow","max-snippet":"max-snippet:-1","max-image-preview":"max-image-preview:large","max-video-preview":"max-video-preview:-1"},"canonical":"https:\/\/xpandai.one\/es\/instrucciones\/","og_locale":"es_ES","og_type":"article","og_title":"Instrucciones y uso | xpandAI","og_description":"Instrucciones y uso Versi\u00f3n \u00a021 de enero de 2024\u00a1Bienvenido! Aqu\u00ed encontrar\u00e1s algunas pautas sencillas para optimizar la interacci\u00f3n con nuestras poderosas herramientas GPT. Estos consejos te ayudar\u00e1n a obtener respuestas m\u00e1s claras y dirigidas. 1. Escribe instrucciones claras Nuestros asistentes y GPTs no pueden leer tus pensamientos. Para recibir respuestas \u00fatiles, es importante que formules tus solicitudes de manera clara&hellip;","og_url":"https:\/\/xpandai.one\/es\/instrucciones\/","og_site_name":"xpandAI","article_modified_time":"2024-03-11T13:33:01+00:00","twitter_card":"summary_large_image","schema":{"@context":"https:\/\/schema.org","@graph":[{"@type":"WebPage","@id":"https:\/\/xpandai.one\/es\/instrucciones\/","url":"https:\/\/xpandai.one\/es\/instrucciones\/","name":"Instrucciones y uso | xpandAI","isPartOf":{"@id":"https:\/\/xpandai.one\/es\/#website"},"datePublished":"2024-01-22T20:31:25+00:00","dateModified":"2024-03-11T13:33:01+00:00","breadcrumb":{"@id":"https:\/\/xpandai.one\/es\/instrucciones\/#breadcrumb"},"inLanguage":"es","potentialAction":[{"@type":"ReadAction","target":["https:\/\/xpandai.one\/es\/instrucciones\/"]}]},{"@type":"BreadcrumbList","@id":"https:\/\/xpandai.one\/es\/instrucciones\/#breadcrumb","itemListElement":[{"@type":"ListItem","position":1,"name":"Startseite","item":"https:\/\/xpandai.one\/es\/es-start\/"},{"@type":"ListItem","position":2,"name":"Instrucciones y uso"}]},{"@type":"WebSite","@id":"https:\/\/xpandai.one\/es\/#website","url":"https:\/\/xpandai.one\/es\/","name":"xpandAI","description":"","potentialAction":[{"@type":"SearchAction","target":{"@type":"EntryPoint","urlTemplate":"https:\/\/xpandai.one\/es\/?s={search_term_string}"},"query-input":{"@type":"PropertyValueSpecification","valueRequired":true,"valueName":"search_term_string"}}],"inLanguage":"es"}]}},"_links":{"self":[{"href":"https:\/\/xpandai.one\/es\/wp-json\/wp\/v2\/pages\/1260","targetHints":{"allow":["GET"]}}],"collection":[{"href":"https:\/\/xpandai.one\/es\/wp-json\/wp\/v2\/pages"}],"about":[{"href":"https:\/\/xpandai.one\/es\/wp-json\/wp\/v2\/types\/page"}],"author":[{"embeddable":true,"href":"https:\/\/xpandai.one\/es\/wp-json\/wp\/v2\/users\/62"}],"replies":[{"embeddable":true,"href":"https:\/\/xpandai.one\/es\/wp-json\/wp\/v2\/comments?post=1260"}],"version-history":[{"count":3,"href":"https:\/\/xpandai.one\/es\/wp-json\/wp\/v2\/pages\/1260\/revisions"}],"predecessor-version":[{"id":1263,"href":"https:\/\/xpandai.one\/es\/wp-json\/wp\/v2\/pages\/1260\/revisions\/1263"}],"wp:attachment":[{"href":"https:\/\/xpandai.one\/es\/wp-json\/wp\/v2\/media?parent=1260"}],"wp:term":[{"taxonomy":"kategorie","embeddable":true,"href":"https:\/\/xpandai.one\/es\/wp-json\/wp\/v2\/kategorie?post=1260"}],"curies":[{"name":"wp","href":"https:\/\/api.w.org\/{rel}","templated":true}]}}