{"id":3307,"date":"2024-07-22T17:35:11","date_gmt":"2024-07-22T15:35:11","guid":{"rendered":"https:\/\/xpandai.one\/assist-en\/"},"modified":"2024-12-27T17:23:04","modified_gmt":"2024-12-27T16:23:04","slug":"assist","status":"publish","type":"page","link":"https:\/\/xpandai.one\/en\/assist\/","title":{"rendered":"Assist"},"content":{"rendered":"<div id=\"cs-content\" class=\"cs-content\"><\/div>\n","protected":false},"excerpt":{"rendered":"<p>Assist Feedback und Ideen Ihr Feedback und Ihre Ideen sind uns wichtig! Haben Sie innovative Vorschl\u00e4ge oder Gedanken zu neuen Assistenten, die Ihnen im Alltag helfen k\u00f6nnten? Wir laden Sie ein, uns Ihre Meinungen und Vorschl\u00e4ge mitzuteilen. Ihre kreativen und mutigen Ideen sind entscheidend f\u00fcr uns, um unsere Dienste zu verbessern und zu erweitern. Teilen Sie Ihre Visionen \u2013 wir&hellip;<\/p>\n","protected":false},"author":2,"featured_media":0,"parent":0,"menu_order":0,"comment_status":"closed","ping_status":"closed","template":"template-blank-4.php","meta":{"_acf_changed":false,"inline_featured_image":false,"_glsr_average":0,"_glsr_ranking":0,"_glsr_reviews":0,"footnotes":""},"kategorie":[],"class_list":["post-3307","page","type-page","status-publish","hentry","no-post-thumbnail"],"acf":[],"yoast_head":"<!-- This site is optimized with the Yoast SEO plugin v27.5 - https:\/\/yoast.com\/product\/yoast-seo-wordpress\/ -->\n<title>Assist | xpandAI<\/title>\n<meta name=\"robots\" content=\"index, follow, max-snippet:-1, max-image-preview:large, max-video-preview:-1\" \/>\n<link rel=\"canonical\" href=\"https:\/\/xpandai.one\/en\/assist\/\" \/>\n<meta property=\"og:locale\" content=\"en_US\" \/>\n<meta property=\"og:type\" content=\"article\" \/>\n<meta property=\"og:title\" content=\"Assist | xpandAI\" \/>\n<meta property=\"og:description\" content=\"Assist Feedback und Ideen Ihr Feedback und Ihre Ideen sind uns wichtig! Haben Sie innovative Vorschl\u00e4ge oder Gedanken zu neuen Assistenten, die Ihnen im Alltag helfen k\u00f6nnten? Wir laden Sie ein, uns Ihre Meinungen und Vorschl\u00e4ge mitzuteilen. Ihre kreativen und mutigen Ideen sind entscheidend f\u00fcr uns, um unsere Dienste zu verbessern und zu erweitern. Teilen Sie Ihre Visionen \u2013 wir&hellip;\" \/>\n<meta property=\"og:url\" content=\"https:\/\/xpandai.one\/en\/assist\/\" \/>\n<meta property=\"og:site_name\" content=\"xpandAI\" \/>\n<meta property=\"article:modified_time\" content=\"2024-12-27T16:23:04+00:00\" \/>\n<meta name=\"twitter:card\" content=\"summary_large_image\" \/>\n<meta name=\"twitter:label1\" content=\"Est. reading time\" \/>\n\t<meta name=\"twitter:data1\" content=\"1 minute\" \/>\n<script type=\"application\/ld+json\" class=\"yoast-schema-graph\">{\"@context\":\"https:\\\/\\\/schema.org\",\"@graph\":[{\"@type\":\"WebPage\",\"@id\":\"https:\\\/\\\/xpandai.one\\\/en\\\/assist\\\/\",\"url\":\"https:\\\/\\\/xpandai.one\\\/en\\\/assist\\\/\",\"name\":\"Assist | xpandAI\",\"isPartOf\":{\"@id\":\"https:\\\/\\\/xpandai.one\\\/en\\\/#website\"},\"datePublished\":\"2024-07-22T15:35:11+00:00\",\"dateModified\":\"2024-12-27T16:23:04+00:00\",\"breadcrumb\":{\"@id\":\"https:\\\/\\\/xpandai.one\\\/en\\\/assist\\\/#breadcrumb\"},\"inLanguage\":\"en-US\",\"potentialAction\":[{\"@type\":\"ReadAction\",\"target\":[\"https:\\\/\\\/xpandai.one\\\/en\\\/assist\\\/\"]}]},{\"@type\":\"BreadcrumbList\",\"@id\":\"https:\\\/\\\/xpandai.one\\\/en\\\/assist\\\/#breadcrumb\",\"itemListElement\":[{\"@type\":\"ListItem\",\"position\":1,\"name\":\"Startseite\",\"item\":\"https:\\\/\\\/xpandai.one\\\/en\\\/start\\\/\"},{\"@type\":\"ListItem\",\"position\":2,\"name\":\"Assist\"}]},{\"@type\":\"WebSite\",\"@id\":\"https:\\\/\\\/xpandai.one\\\/en\\\/#website\",\"url\":\"https:\\\/\\\/xpandai.one\\\/en\\\/\",\"name\":\"xpandAI\",\"description\":\"\",\"potentialAction\":[{\"@type\":\"SearchAction\",\"target\":{\"@type\":\"EntryPoint\",\"urlTemplate\":\"https:\\\/\\\/xpandai.one\\\/en\\\/?s={search_term_string}\"},\"query-input\":{\"@type\":\"PropertyValueSpecification\",\"valueRequired\":true,\"valueName\":\"search_term_string\"}}],\"inLanguage\":\"en-US\"}]}<\/script>\n<!-- \/ Yoast SEO plugin. -->","yoast_head_json":{"title":"Assist | xpandAI","robots":{"index":"index","follow":"follow","max-snippet":"max-snippet:-1","max-image-preview":"max-image-preview:large","max-video-preview":"max-video-preview:-1"},"canonical":"https:\/\/xpandai.one\/en\/assist\/","og_locale":"en_US","og_type":"article","og_title":"Assist | xpandAI","og_description":"Assist Feedback und Ideen Ihr Feedback und Ihre Ideen sind uns wichtig! Haben Sie innovative Vorschl\u00e4ge oder Gedanken zu neuen Assistenten, die Ihnen im Alltag helfen k\u00f6nnten? Wir laden Sie ein, uns Ihre Meinungen und Vorschl\u00e4ge mitzuteilen. Ihre kreativen und mutigen Ideen sind entscheidend f\u00fcr uns, um unsere Dienste zu verbessern und zu erweitern. Teilen Sie Ihre Visionen \u2013 wir&hellip;","og_url":"https:\/\/xpandai.one\/en\/assist\/","og_site_name":"xpandAI","article_modified_time":"2024-12-27T16:23:04+00:00","twitter_card":"summary_large_image","twitter_misc":{"Est. reading time":"1 minute"},"schema":{"@context":"https:\/\/schema.org","@graph":[{"@type":"WebPage","@id":"https:\/\/xpandai.one\/en\/assist\/","url":"https:\/\/xpandai.one\/en\/assist\/","name":"Assist | xpandAI","isPartOf":{"@id":"https:\/\/xpandai.one\/en\/#website"},"datePublished":"2024-07-22T15:35:11+00:00","dateModified":"2024-12-27T16:23:04+00:00","breadcrumb":{"@id":"https:\/\/xpandai.one\/en\/assist\/#breadcrumb"},"inLanguage":"en-US","potentialAction":[{"@type":"ReadAction","target":["https:\/\/xpandai.one\/en\/assist\/"]}]},{"@type":"BreadcrumbList","@id":"https:\/\/xpandai.one\/en\/assist\/#breadcrumb","itemListElement":[{"@type":"ListItem","position":1,"name":"Startseite","item":"https:\/\/xpandai.one\/en\/start\/"},{"@type":"ListItem","position":2,"name":"Assist"}]},{"@type":"WebSite","@id":"https:\/\/xpandai.one\/en\/#website","url":"https:\/\/xpandai.one\/en\/","name":"xpandAI","description":"","potentialAction":[{"@type":"SearchAction","target":{"@type":"EntryPoint","urlTemplate":"https:\/\/xpandai.one\/en\/?s={search_term_string}"},"query-input":{"@type":"PropertyValueSpecification","valueRequired":true,"valueName":"search_term_string"}}],"inLanguage":"en-US"}]}},"_links":{"self":[{"href":"https:\/\/xpandai.one\/en\/wp-json\/wp\/v2\/pages\/3307","targetHints":{"allow":["GET"]}}],"collection":[{"href":"https:\/\/xpandai.one\/en\/wp-json\/wp\/v2\/pages"}],"about":[{"href":"https:\/\/xpandai.one\/en\/wp-json\/wp\/v2\/types\/page"}],"author":[{"embeddable":true,"href":"https:\/\/xpandai.one\/en\/wp-json\/wp\/v2\/users\/2"}],"replies":[{"embeddable":true,"href":"https:\/\/xpandai.one\/en\/wp-json\/wp\/v2\/comments?post=3307"}],"version-history":[{"count":8,"href":"https:\/\/xpandai.one\/en\/wp-json\/wp\/v2\/pages\/3307\/revisions"}],"predecessor-version":[{"id":4071,"href":"https:\/\/xpandai.one\/en\/wp-json\/wp\/v2\/pages\/3307\/revisions\/4071"}],"wp:attachment":[{"href":"https:\/\/xpandai.one\/en\/wp-json\/wp\/v2\/media?parent=3307"}],"wp:term":[{"taxonomy":"kategorie","embeddable":true,"href":"https:\/\/xpandai.one\/en\/wp-json\/wp\/v2\/kategorie?post=3307"}],"curies":[{"name":"wp","href":"https:\/\/api.w.org\/{rel}","templated":true}]}}